{"id":2483,"date":"2026-01-05T10:04:19","date_gmt":"2026-01-05T10:04:19","guid":{"rendered":"https:\/\/www.korbenforpeople.com\/?page_id=2483"},"modified":"2026-03-23T09:28:08","modified_gmt":"2026-03-23T09:28:08","slug":"talento","status":"publish","type":"page","link":"https:\/\/www.korbenforpeople.com\/pt\/talento\/","title":{"rendered":"Talento"},"content":{"rendered":"<div data-elementor-type=\"wp-page\" data-elementor-id=\"2483\" class=\"elementor elementor-2483\" data-elementor-post-type=\"page\">\n\t\t\t\t<div class=\"elementor-element elementor-element-b285d8f e-flex e-con-boxed e-con e-parent\" data-id=\"b285d8f\" data-element_type=\"container\">\n\t\t\t\t\t<div class=\"e-con-inner\">\n\t\t\t\t<div class=\"elementor-element elementor-element-3b3c095 elementor-widget elementor-widget-heading\" data-id=\"3b3c095\" data-element_type=\"widget\" data-widget_type=\"heading.default\">\n\t\t\t\t\t<h2 class=\"elementor-heading-title elementor-size-default\">Voc\u00ea \u00e9 um talento?<\/h2>\t\t\t\t<\/div>\n\t\t\t\t<div class=\"elementor-element elementor-element-7af9bdb elementor-widget elementor-widget-text-editor\" data-id=\"7af9bdb\" data-element_type=\"widget\" data-widget_type=\"text-editor.default\">\n\t\t\t\t\t\t\t\t\t<p>Um membro da nossa equipe entrar\u00e1 em contato com voc\u00ea.<\/p>\t\t\t\t\t\t\t\t<\/div>\n\t\t\t\t<div class=\"elementor-element elementor-element-0771279 elementor-button-align-center elementor-widget__width-initial elementor-widget elementor-widget-form\" data-id=\"0771279\" data-element_type=\"widget\" data-settings=\"{&quot;step_next_label&quot;:&quot;Next&quot;,&quot;step_previous_label&quot;:&quot;Previous&quot;,&quot;button_width&quot;:&quot;100&quot;,&quot;step_type&quot;:&quot;number_text&quot;,&quot;step_icon_shape&quot;:&quot;circle&quot;}\" data-widget_type=\"form.default\">\n\t\t\t\t\t\t\t<form class=\"elementor-form\" method=\"post\" id=\"contact_form\" name=\"Contact form\" aria-label=\"Formul\u00e1rio de contato\" action=\"\">\n\t\t\t<input type=\"hidden\" name=\"post_id\" value=\"2483\"\/>\n\t\t\t<input type=\"hidden\" name=\"form_id\" value=\"0771279\"\/>\n\t\t\t<input type=\"hidden\" name=\"referer_title\" value=\"Contact : demande d&#039;informations sur nos robots\" \/>\n\n\t\t\t\t\t\t\t<input type=\"hidden\" name=\"queried_id\" value=\"2483\"\/>\n\t\t\t\n\t\t\t<div class=\"elementor-form-fields-wrapper elementor-labels-above\">\n\t\t\t\t\t\t\t\t<div class=\"elementor-field-type-text elementor-field-group elementor-column elementor-field-group-firstname elementor-col-50 elementor-field-required\">\n\t\t\t\t\t\t\t\t\t\t\t\t<label for=\"form-field-firstname\" class=\"elementor-field-label\">\n\t\t\t\t\t\t\t\tPrimeiro nome<span class=\"dp\">*<\/span>\t\t\t\t\t\t\t<\/label>\n\t\t\t\t\t\t\t\t\t\t\t\t\t\t<input size=\"1\" type=\"text\" name=\"form_fields[firstname]\" id=\"form-field-firstname\" class=\"elementor-field elementor-size-xl  elementor-field-textual\" required=\"required\">\n\t\t\t\t\t\t\t\t\t\t\t<\/div>\n\t\t\t\t\t\t\t\t<div class=\"elementor-field-type-text elementor-field-group elementor-column elementor-field-group-lastname elementor-col-50 elementor-field-required\">\n\t\t\t\t\t\t\t\t\t\t\t\t<label for=\"form-field-lastname\" class=\"elementor-field-label\">\n\t\t\t\t\t\t\t\tNome<span class=\"dp\">*<\/span>\t\t\t\t\t\t\t<\/label>\n\t\t\t\t\t\t\t\t\t\t\t\t\t\t<input size=\"1\" type=\"text\" name=\"form_fields[lastname]\" id=\"form-field-lastname\" class=\"elementor-field elementor-size-xl  elementor-field-textual\" required=\"required\">\n\t\t\t\t\t\t\t\t\t\t\t<\/div>\n\t\t\t\t\t\t\t\t<div class=\"elementor-field-type-email elementor-field-group elementor-column elementor-field-group-email elementor-col-50 elementor-field-required\">\n\t\t\t\t\t\t\t\t\t\t\t\t<label for=\"form-field-email\" class=\"elementor-field-label\">\n\t\t\t\t\t\t\t\te-mail<span class=\"dp\">*<\/span>\t\t\t\t\t\t\t<\/label>\n\t\t\t\t\t\t\t\t\t\t\t\t\t\t<input size=\"1\" type=\"email\" name=\"form_fields[email]\" id=\"form-field-email\" class=\"elementor-field elementor-size-xl  elementor-field-textual\" required=\"required\">\n\t\t\t\t\t\t\t\t\t\t\t<\/div>\n\t\t\t\t\t\t\t\t<div class=\"elementor-field-type-tel elementor-field-group elementor-column elementor-field-group-field_473e282 elementor-col-50 elementor-field-required\">\n\t\t\t\t\t\t\t\t\t\t\t\t<label for=\"form-field-field_473e282\" class=\"elementor-field-label\">\n\t\t\t\t\t\t\t\tN\u00famero de telefone<span class=\"dp\">*<\/span>\t\t\t\t\t\t\t<\/label>\n\t\t\t\t\t\t\t\t<input size=\"1\" type=\"tel\" name=\"form_fields[field_473e282]\" id=\"form-field-field_473e282\" class=\"elementor-field elementor-size-xl  elementor-field-textual\" required=\"required\" pattern=\"[0-9()#&amp;+*-=.]+\" title=\"Only numbers and phone characters (#, -, *, etc) are accepted.\" data-no-translation-title=\"\">\n\n\t\t\t\t\t\t<\/div>\n\t\t\t\t\t\t\t\t<div class=\"elementor-field-type-text elementor-field-group elementor-column elementor-field-group-ville_ou_code_postal elementor-col-50\">\n\t\t\t\t\t\t\t\t\t\t\t\t<label for=\"form-field-ville_ou_code_postal\" class=\"elementor-field-label\">\n\t\t\t\t\t\t\t\tCidade \/ Regi\u00e3o\t\t\t\t\t\t\t<\/label>\n\t\t\t\t\t\t\t\t\t\t\t\t\t\t<input size=\"1\" type=\"text\" name=\"form_fields[ville_ou_code_postal]\" id=\"form-field-ville_ou_code_postal\" class=\"elementor-field elementor-size-xl  elementor-field-textual\">\n\t\t\t\t\t\t\t\t\t\t\t<\/div>\n\t\t\t\t\t\t\t\t<div class=\"elementor-field-type-select elementor-field-group elementor-column elementor-field-group-secteur_d_activite elementor-col-50 elementor-field-required\">\n\t\t\t\t\t\t\t\t\t\t\t\t<label for=\"form-field-secteur_d_activite\" class=\"elementor-field-label\">\n\t\t\t\t\t\t\t\tTipo de perfil<span class=\"dp\">*<\/span>\t\t\t\t\t\t\t<\/label>\n\t\t\t\t\t\t\t\t<div class=\"elementor-field elementor-select-wrapper remove-before\">\n\t\t\t<div class=\"select-caret-down-wrapper\">\n\t\t\t\t<svg aria-hidden=\"true\" class=\"e-font-icon-svg e-eicon-caret-down\" viewbox=\"0 0 571.4 571.4\" xmlns=\"http:\/\/www.w3.org\/2000\/svg\"><path d=\"M571 393Q571 407 561 418L311 668Q300 679 286 679T261 668L11 418Q0 407 0 393T11 368 36 357H536Q550 357 561 368T571 393Z\"><\/path><\/svg>\t\t\t<\/div>\n\t\t\t<select name=\"form_fields[secteur_d_activite]\" id=\"form-field-secteur_d_activite\" class=\"elementor-field-textual elementor-size-xl\" required=\"required\">\n\t\t\t\t\t\t\t\t\t<option value=\"Sales \/ Business Development\">Vendas \/ Desenvolvimento de neg\u00f3cios<\/option>\n\t\t\t\t\t\t\t\t\t<option value=\"Operations \/ D\u00e9ploiement \/ Support\">Opera\u00e7\u00f5es \/ Implanta\u00e7\u00e3o \/ Suporte<\/option>\n\t\t\t\t\t\t\t\t\t<option value=\"Marketing \/ Growth\">Marketing \/ Crescimento<\/option>\n\t\t\t\t\t\t\t\t\t<option value=\"Produit \/ Tech \/ Data \/ IA\">Produto \/ Tecnologia \/ Dados \/ IA<\/option>\n\t\t\t\t\t\t\t\t\t<option value=\"Finance \/ Admin\">Finan\u00e7as \/ Administra\u00e7\u00e3o<\/option>\n\t\t\t\t\t\t\t<\/select>\n\t\t<\/div>\n\t\t\t\t\t\t<\/div>\n\t\t\t\t\t\t\t\t<div class=\"elementor-field-type-upload elementor-field-group elementor-column elementor-field-group-field_e0111fe elementor-col-100 elementor-field-required\">\n\t\t\t\t\t\t\t\t\t\t\t\t<label for=\"form-field-field_e0111fe\" class=\"elementor-field-label\">\n\t\t\t\t\t\t\t\tSeu curr\u00edculo (m\u00e1ximo de 10 meses)<span class=\"dp\">*<\/span>\t\t\t\t\t\t\t<\/label>\n\t\t\t\t\t\t\t\t<input type=\"file\" name=\"form_fields[field_e0111fe][]\" id=\"form-field-field_e0111fe\" class=\"elementor-field elementor-size-xl  elementor-upload-field\" required=\"required\" multiple=\"multiple\" data-maxsize=\"10\" data-maxsize-message=\"This file exceeds the maximum allowed size.\" data-no-translation-data-maxsize-message=\"\">\n\n\t\t\t\t\t\t<\/div>\n\t\t\t\t\t\t\t\t<div class=\"elementor-field-type-html elementor-field-group elementor-column elementor-field-group-field_a83bb1a elementor-col-100\">\n\t\t\t\t\tAo enviar este formul\u00e1rio, voc\u00ea concorda com o processamento de seus dados pessoais pela Korben para ser contatado.\t\t\t\t<\/div>\n\t\t\t\t\t\t\t\t<div class=\"elementor-field-type-recaptcha_v3 elementor-field-group elementor-column elementor-field-group-field_044d3d4 elementor-col-100 recaptcha_v3-bottomright\">\n\t\t\t\t\t<div class=\"elementor-field\" id=\"form-field-field_044d3d4\"><div class=\"elementor-g-recaptcha\" data-sitekey=\"6LcKm5IsAAAAAMUed06-toQFxMjTk5fDyoVXziup\" data-type=\"v3\" data-action=\"Form\" data-badge=\"bottomright\" data-size=\"invisible\"><\/div><\/div>\t\t\t\t<\/div>\n\t\t\t\t\t\t\t\t<div class=\"elementor-field-group elementor-column elementor-field-type-submit elementor-col-100 e-form__buttons\">\n\t\t\t\t\t<button class=\"elementor-button elementor-size-sm\" type=\"submit\">\n\t\t\t\t\t\t<span class=\"elementor-button-content-wrapper\">\n\t\t\t\t\t\t\t\t\t\t\t\t\t\t\t\t\t\t\t\t\t\t<span class=\"elementor-button-text\">Enviar minha solicita\u00e7\u00e3o<\/span>\n\t\t\t\t\t\t\t\t\t\t\t\t\t<\/span>\n\t\t\t\t\t<\/button>\n\t\t\t\t<\/div>\n\t\t\t<\/div>\n\t\t<input type=\"hidden\" name=\"trp-form-language\" value=\"pt\"\/><\/form>\n\t\t\t\t\t\t<\/div>\n\t\t\t\t\t<\/div>\n\t\t\t\t<\/div>\n\t\t<div class=\"elementor-element elementor-element-8e88bc2 e-con-full e-flex e-con e-parent\" data-id=\"8e88bc2\" data-element_type=\"container\" data-settings=\"{&quot;background_background&quot;:&quot;classic&quot;}\">\n\t\t<div class=\"elementor-element elementor-element-cc783a0 e-con-full e-flex e-con e-child\" data-id=\"cc783a0\" data-element_type=\"container\">\n\t\t\t\t<div class=\"elementor-element elementor-element-7ea5542 elementor-widget elementor-widget-google_maps\" data-id=\"7ea5542\" data-element_type=\"widget\" data-widget_type=\"google_maps.default\">\n\t\t\t\t\t\t\t<div class=\"elementor-custom-embed\">\n\t\t\t<iframe loading=\"lazy\"\n\t\t\t\t\tsrc=\"https:\/\/maps.google.com\/maps?q=1%20rue%20de%20Stockholm%2075008%20Paris&#038;t=m&#038;z=13&#038;output=embed&#038;iwloc=near\"\n\t\t\t\t\ttitle=\"1 rue de Stockholm 75008 Paris\"\n\t\t\t\t\taria-label=\"1 rue de Stockholm 75008 Paris\"\n\t\t\t><\/iframe>\n\t\t<\/div>\n\t\t\t\t\t\t<\/div>\n\t\t\t\t<\/div>\n\t\t\t\t<\/div>\n\t\t<div class=\"elementor-element elementor-element-8ae42a2 e-flex e-con-boxed e-con e-parent\" data-id=\"8ae42a2\" data-element_type=\"container\">\n\t\t\t\t\t<div class=\"e-con-inner\">\n\t\t<div class=\"elementor-element elementor-element-7112afc e-con-full e-flex e-con e-child\" data-id=\"7112afc\" data-element_type=\"container\">\n\t\t\t\t<\/div>\n\t\t<div class=\"elementor-element elementor-element-d0e9565 e-con-full e-flex e-con e-child\" data-id=\"d0e9565\" data-element_type=\"container\">\n\t\t<div class=\"elementor-element elementor-element-a1dba2d e-con-full e-flex e-con e-child\" data-id=\"a1dba2d\" data-element_type=\"container\" data-settings=\"{&quot;background_background&quot;:&quot;classic&quot;,&quot;position&quot;:&quot;absolute&quot;}\">\n\t\t\t\t<div class=\"elementor-element elementor-element-12d8835 elementor-widget elementor-widget-heading\" data-id=\"12d8835\" data-element_type=\"widget\" data-widget_type=\"heading.default\">\n\t\t\t\t\t<h2 class=\"elementor-heading-title elementor-size-default\">Entre em contato conosco tamb\u00e9m<\/h2>\t\t\t\t<\/div>\n\t\t\t\t<div class=\"elementor-element elementor-element-700a458 elementor-widget elementor-widget-heading\" data-id=\"700a458\" data-element_type=\"widget\" data-widget_type=\"heading.default\">\n\t\t\t\t\t<h2 class=\"elementor-heading-title elementor-size-default\">Por telefone \n<\/h2>\t\t\t\t<\/div>\n\t\t\t\t<div class=\"elementor-element elementor-element-9f0e31f elementor-widget elementor-widget-heading\" data-id=\"9f0e31f\" data-element_type=\"widget\" data-widget_type=\"heading.default\">\n\t\t\t\t\t<h2 class=\"elementor-heading-title elementor-size-default\"><a href=\"tel:+330183755723\">01 88 83 73\u00a055<\/a><\/h2>\t\t\t\t<\/div>\n\t\t\t\t<div class=\"elementor-element elementor-element-fd18082 elementor-widget elementor-widget-heading\" data-id=\"fd18082\" data-element_type=\"widget\" data-widget_type=\"heading.default\">\n\t\t\t\t\t<h2 class=\"elementor-heading-title elementor-size-default\">Ou por correio para\n<\/h2>\t\t\t\t<\/div>\n\t\t\t\t<div class=\"elementor-element elementor-element-3cfd7eb elementor-widget-laptop__width-inherit elementor-widget elementor-widget-heading\" data-id=\"3cfd7eb\" data-element_type=\"widget\" data-widget_type=\"heading.default\">\n\t\t\t\t\t<h2 class=\"elementor-heading-title elementor-size-default\">1 rue de Stockholm\n75008 Paris<\/h2>\t\t\t\t<\/div>\n\t\t\t\t<\/div>\n\t\t\t\t<\/div>\n\t\t\t\t\t<\/div>\n\t\t\t\t<\/div>\n\t\t<div class=\"elementor-element elementor-element-282b120 e-flex e-con-boxed e-con e-parent\" data-id=\"282b120\" data-element_type=\"container\">\n\t\t\t\t\t<div class=\"e-con-inner\">\n\t\t\t\t<div class=\"elementor-element elementor-element-87fcb1c elementor-widget elementor-widget-heading\" data-id=\"87fcb1c\" data-element_type=\"widget\" data-widget_type=\"heading.default\">\n\t\t\t\t\t<span class=\"elementor-heading-title elementor-size-default\"><a href=\"#\">@KORBEN.BOTS<\/a><\/span>\t\t\t\t<\/div>\n\t\t\t\t<div class=\"elementor-element elementor-element-b14f763 elementor-widget elementor-widget-image\" data-id=\"b14f763\" data-element_type=\"widget\" data-widget_type=\"image.default\">\n\t\t\t\t\t\t\t\t\t\t\t\t\t\t\t<img fetchpriority=\"high\" decoding=\"async\" width=\"814\" height=\"360\" src=\"https:\/\/www.korbenforpeople.com\/wp-content\/uploads\/2025\/07\/footer-top-text.svg\" class=\"attachment-full size-full wp-image-224\" alt=\"\" \/>\t\t\t\t\t\t\t\t\t\t\t\t\t\t\t<\/div>\n\t\t\t\t<div class=\"elementor-element elementor-element-af7d673 elementor-shape-rounded elementor-grid-0 e-grid-align-center elementor-widget elementor-widget-social-icons\" data-id=\"af7d673\" data-element_type=\"widget\" data-widget_type=\"social-icons.default\">\n\t\t\t\t\t\t\t<div class=\"elementor-social-icons-wrapper elementor-grid\" role=\"list\">\n\t\t\t\t\t\t\t<span class=\"elementor-grid-item\" role=\"listitem\">\n\t\t\t\t\t<a class=\"elementor-icon elementor-social-icon elementor-social-icon-facebook-f elementor-repeater-item-84acfc2\" href=\"https:\/\/www.facebook.com\/share\/172RnwA2vL\/?mibextid=wwXIfr\" target=\"_blank\">\n\t\t\t\t\t\t<span class=\"elementor-screen-only\">Facebook-f<\/span>\n\t\t\t\t\t\t<svg aria-hidden=\"true\" class=\"e-font-icon-svg e-fab-facebook-f\" viewbox=\"0 0 320 512\" xmlns=\"http:\/\/www.w3.org\/2000\/svg\"><path d=\"M279.14 288l14.22-92.66h-88.91v-60.13c0-25.35 12.42-50.06 52.24-50.06h40.42V6.26S260.43 0 225.36 0c-73.22 0-121.08 44.38-121.08 124.72v70.62H22.89V288h81.39v224h100.17V288z\"><\/path><\/svg>\t\t\t\t\t<\/a>\n\t\t\t\t<\/span>\n\t\t\t\t\t\t\t<span class=\"elementor-grid-item\" role=\"listitem\">\n\t\t\t\t\t<a class=\"elementor-icon elementor-social-icon elementor-social-icon-instagram elementor-repeater-item-b05c128\" href=\"https:\/\/www.instagram.com\/servicebotics?igsh=MWlzem5wcnd6ZHoxMQ==\" target=\"_blank\">\n\t\t\t\t\t\t<span class=\"elementor-screen-only\">Instagram<\/span>\n\t\t\t\t\t\t<svg aria-hidden=\"true\" class=\"e-font-icon-svg e-fab-instagram\" viewbox=\"0 0 448 512\" xmlns=\"http:\/\/www.w3.org\/2000\/svg\"><path d=\"M224.1 141c-63.6 0-114.9 51.3-114.9 114.9s51.3 114.9 114.9 114.9S339 319.5 339 255.9 287.7 141 224.1 141zm0 189.6c-41.1 0-74.7-33.5-74.7-74.7s33.5-74.7 74.7-74.7 74.7 33.5 74.7 74.7-33.6 74.7-74.7 74.7zm146.4-194.3c0 14.9-12 26.8-26.8 26.8-14.9 0-26.8-12-26.8-26.8s12-26.8 26.8-26.8 26.8 12 26.8 26.8zm76.1 27.2c-1.7-35.9-9.9-67.7-36.2-93.9-26.2-26.2-58-34.4-93.9-36.2-37-2.1-147.9-2.1-184.9 0-35.8 1.7-67.6 9.9-93.9 36.1s-34.4 58-36.2 93.9c-2.1 37-2.1 147.9 0 184.9 1.7 35.9 9.9 67.7 36.2 93.9s58 34.4 93.9 36.2c37 2.1 147.9 2.1 184.9 0 35.9-1.7 67.7-9.9 93.9-36.2 26.2-26.2 34.4-58 36.2-93.9 2.1-37 2.1-147.8 0-184.8zM398.8 388c-7.8 19.6-22.9 34.7-42.6 42.6-29.5 11.7-99.5 9-132.1 9s-102.7 2.6-132.1-9c-19.6-7.8-34.7-22.9-42.6-42.6-11.7-29.5-9-99.5-9-132.1s-2.6-102.7 9-132.1c7.8-19.6 22.9-34.7 42.6-42.6 29.5-11.7 99.5-9 132.1-9s102.7-2.6 132.1 9c19.6 7.8 34.7 22.9 42.6 42.6 11.7 29.5 9 99.5 9 132.1s2.7 102.7-9 132.1z\"><\/path><\/svg>\t\t\t\t\t<\/a>\n\t\t\t\t<\/span>\n\t\t\t\t\t\t\t<span class=\"elementor-grid-item\" role=\"listitem\">\n\t\t\t\t\t<a class=\"elementor-icon elementor-social-icon elementor-social-icon-linkedin elementor-repeater-item-207cefb\" href=\"https:\/\/www.linkedin.com\/company\/service-botics\/\" target=\"_blank\">\n\t\t\t\t\t\t<span class=\"elementor-screen-only\">Linkedin<\/span>\n\t\t\t\t\t\t<svg aria-hidden=\"true\" class=\"e-font-icon-svg e-fab-linkedin\" viewbox=\"0 0 448 512\" xmlns=\"http:\/\/www.w3.org\/2000\/svg\"><path d=\"M416 32H31.9C14.3 32 0 46.5 0 64.3v383.4C0 465.5 14.3 480 31.9 480H416c17.6 0 32-14.5 32-32.3V64.3c0-17.8-14.4-32.3-32-32.3zM135.4 416H69V202.2h66.5V416zm-33.2-243c-21.3 0-38.5-17.3-38.5-38.5S80.9 96 102.2 96c21.2 0 38.5 17.3 38.5 38.5 0 21.3-17.2 38.5-38.5 38.5zm282.1 243h-66.4V312c0-24.8-.5-56.7-34.5-56.7-34.6 0-39.9 27-39.9 54.9V416h-66.4V202.2h63.7v29.2h.9c8.9-16.8 30.6-34.5 62.9-34.5 67.2 0 79.7 44.3 79.7 101.9V416z\"><\/path><\/svg>\t\t\t\t\t<\/a>\n\t\t\t\t<\/span>\n\t\t\t\t\t\t\t<span class=\"elementor-grid-item\" role=\"listitem\">\n\t\t\t\t\t<a class=\"elementor-icon elementor-social-icon elementor-social-icon-youtube elementor-repeater-item-a471b12\" href=\"https:\/\/youtube.com\/@servicebotics?si=7cvNS185tNfNcMCz\" target=\"_blank\">\n\t\t\t\t\t\t<span class=\"elementor-screen-only\">Youtube<\/span>\n\t\t\t\t\t\t<svg aria-hidden=\"true\" class=\"e-font-icon-svg e-fab-youtube\" viewbox=\"0 0 576 512\" xmlns=\"http:\/\/www.w3.org\/2000\/svg\"><path d=\"M549.655 124.083c-6.281-23.65-24.787-42.276-48.284-48.597C458.781 64 288 64 288 64S117.22 64 74.629 75.486c-23.497 6.322-42.003 24.947-48.284 48.597-11.412 42.867-11.412 132.305-11.412 132.305s0 89.438 11.412 132.305c6.281 23.65 24.787 41.5 48.284 47.821C117.22 448 288 448 288 448s170.78 0 213.371-11.486c23.497-6.321 42.003-24.171 48.284-47.821 11.412-42.867 11.412-132.305 11.412-132.305s0-89.438-11.412-132.305zm-317.51 213.508V175.185l142.739 81.205-142.739 81.201z\"><\/path><\/svg>\t\t\t\t\t<\/a>\n\t\t\t\t<\/span>\n\t\t\t\t\t<\/div>\n\t\t\t\t\t\t<\/div>\n\t\t\t\t\t<\/div>\n\t\t\t\t<\/div>\n\t\t\t\t<\/div>","protected":false},"excerpt":{"rendered":"<p>Vous \u00eates un talent ? Un membre de notre \u00e9quipe vous contactera. Contactez-nous \u00e9galement Par t\u00e9l\u00e9phone au 01 88 83 73\u00a055 Ou par courrier \u00e0 1 rue de Stockholm 75008 Paris @KORBEN.BOTS Facebook-f Instagram Linkedin Youtube<\/p>","protected":false},"author":1,"featured_media":0,"parent":0,"menu_order":0,"comment_status":"closed","ping_status":"closed","template":"elementor_header_footer","meta":{"_acf_changed":false,"footnotes":""},"class_list":["post-2483","page","type-page","status-publish","hentry"],"acf":[],"yoast_head":"<!-- This site is optimized with the Yoast SEO plugin v26.5 - https:\/\/yoast.com\/wordpress\/plugins\/seo\/ -->\n<title>Contact : demande d&#039;informations sur nos robots<\/title>\n<meta name=\"description\" content=\"Vous avez besoin de renseignement ? Un conseiller vous rappellera dans les 24 heures.\" \/>\n<meta name=\"robots\" content=\"index, follow, max-snippet:-1, max-image-preview:large, max-video-preview:-1\" \/>\n<link rel=\"canonical\" href=\"https:\/\/www.korbenforpeople.com\/pt\/talento\/\" \/>\n<meta property=\"og:locale\" content=\"pt_BR\" \/>\n<meta property=\"og:type\" content=\"article\" \/>\n<meta property=\"og:title\" content=\"Contact : demande d&#039;informations sur nos robots\" \/>\n<meta property=\"og:description\" content=\"Vous avez besoin de renseignement ? Un conseiller vous rappellera dans les 24 heures.\" \/>\n<meta property=\"og:url\" content=\"https:\/\/www.korbenforpeople.com\/pt\/talento\/\" \/>\n<meta property=\"og:site_name\" content=\"Korben For People\" \/>\n<meta property=\"article:modified_time\" content=\"2026-03-23T09:28:08+00:00\" \/>\n<meta name=\"twitter:card\" content=\"summary_large_image\" \/>\n<meta name=\"twitter:label1\" content=\"Est. tempo de leitura\" \/>\n\t<meta name=\"twitter:data1\" content=\"1 minuto\" \/>\n<script type=\"application\/ld+json\" class=\"yoast-schema-graph\">{\"@context\":\"https:\/\/schema.org\",\"@graph\":[{\"@type\":\"WebPage\",\"@id\":\"https:\/\/www.korbenforpeople.com\/talent\/\",\"url\":\"https:\/\/www.korbenforpeople.com\/talent\/\",\"name\":\"Contact : demande d'informations sur nos robots\",\"isPartOf\":{\"@id\":\"https:\/\/www.korbenforpeople.com\/#website\"},\"primaryImageOfPage\":{\"@id\":\"https:\/\/www.korbenforpeople.com\/talent\/#primaryimage\"},\"image\":{\"@id\":\"https:\/\/www.korbenforpeople.com\/talent\/#primaryimage\"},\"thumbnailUrl\":\"https:\/\/www.korbenforpeople.com\/wp-content\/uploads\/2025\/07\/footer-top-text.svg\",\"datePublished\":\"2026-01-05T10:04:19+00:00\",\"dateModified\":\"2026-03-23T09:28:08+00:00\",\"description\":\"Vous avez besoin de renseignement ? Un conseiller vous rappellera dans les 24 heures.\",\"breadcrumb\":{\"@id\":\"https:\/\/www.korbenforpeople.com\/talent\/#breadcrumb\"},\"inLanguage\":\"pt-BR\",\"potentialAction\":[{\"@type\":\"ReadAction\",\"target\":[\"https:\/\/www.korbenforpeople.com\/talent\/\"]}]},{\"@type\":\"ImageObject\",\"inLanguage\":\"pt-BR\",\"@id\":\"https:\/\/www.korbenforpeople.com\/talent\/#primaryimage\",\"url\":\"https:\/\/www.korbenforpeople.com\/wp-content\/uploads\/2025\/07\/footer-top-text.svg\",\"contentUrl\":\"https:\/\/www.korbenforpeople.com\/wp-content\/uploads\/2025\/07\/footer-top-text.svg\"},{\"@type\":\"BreadcrumbList\",\"@id\":\"https:\/\/www.korbenforpeople.com\/talent\/#breadcrumb\",\"itemListElement\":[{\"@type\":\"ListItem\",\"position\":1,\"name\":\"Home\",\"item\":\"https:\/\/www.korbenforpeople.com\/\"},{\"@type\":\"ListItem\",\"position\":2,\"name\":\"Talent\"}]},{\"@type\":\"WebSite\",\"@id\":\"https:\/\/www.korbenforpeople.com\/#website\",\"url\":\"https:\/\/www.korbenforpeople.com\/\",\"name\":\"Korben For People\",\"description\":\"\",\"publisher\":{\"@id\":\"https:\/\/www.korbenforpeople.com\/#organization\"},\"potentialAction\":[{\"@type\":\"SearchAction\",\"target\":{\"@type\":\"EntryPoint\",\"urlTemplate\":\"https:\/\/www.korbenforpeople.com\/?s={search_term_string}\"},\"query-input\":{\"@type\":\"PropertyValueSpecification\",\"valueRequired\":true,\"valueName\":\"search_term_string\"}}],\"inLanguage\":\"pt-BR\"},{\"@type\":\"Organization\",\"@id\":\"https:\/\/www.korbenforpeople.com\/#organization\",\"name\":\"Korben For People\",\"url\":\"https:\/\/www.korbenforpeople.com\/\",\"logo\":{\"@type\":\"ImageObject\",\"inLanguage\":\"pt-BR\",\"@id\":\"https:\/\/www.korbenforpeople.com\/#\/schema\/logo\/image\/\",\"url\":\"https:\/\/www.korbenforpeople.com\/wp-content\/uploads\/2025\/07\/animated-icon.svg\",\"contentUrl\":\"https:\/\/www.korbenforpeople.com\/wp-content\/uploads\/2025\/07\/animated-icon.svg\",\"width\":114,\"height\":112,\"caption\":\"Korben For People\"},\"image\":{\"@id\":\"https:\/\/www.korbenforpeople.com\/#\/schema\/logo\/image\/\"}}]}<\/script>\n<!-- \/ Yoast SEO plugin. -->","yoast_head_json":{"title":"Contato: solicite informa\u00e7\u00f5es sobre nossos rob\u00f4s","description":"Voc\u00ea precisa de mais informa\u00e7\u00f5es? Um consultor entrar\u00e1 em contato com voc\u00ea em at\u00e9 24 horas.","robots":{"index":"index","follow":"follow","max-snippet":"max-snippet:-1","max-image-preview":"max-image-preview:large","max-video-preview":"max-video-preview:-1"},"canonical":"https:\/\/www.korbenforpeople.com\/pt\/talento\/","og_locale":"pt_BR","og_type":"article","og_title":"Contact : demande d'informations sur nos robots","og_description":"Vous avez besoin de renseignement ? Un conseiller vous rappellera dans les 24 heures.","og_url":"https:\/\/www.korbenforpeople.com\/pt\/talento\/","og_site_name":"Korben For People","article_modified_time":"2026-03-23T09:28:08+00:00","twitter_card":"summary_large_image","twitter_misc":{"Est. tempo de leitura":"1 minuto"},"schema":{"@context":"https:\/\/schema.org","@graph":[{"@type":"WebPage","@id":"https:\/\/www.korbenforpeople.com\/talent\/","url":"https:\/\/www.korbenforpeople.com\/talent\/","name":"Contato: solicite informa\u00e7\u00f5es sobre nossos rob\u00f4s","isPartOf":{"@id":"https:\/\/www.korbenforpeople.com\/#website"},"primaryImageOfPage":{"@id":"https:\/\/www.korbenforpeople.com\/talent\/#primaryimage"},"image":{"@id":"https:\/\/www.korbenforpeople.com\/talent\/#primaryimage"},"thumbnailUrl":"https:\/\/www.korbenforpeople.com\/wp-content\/uploads\/2025\/07\/footer-top-text.svg","datePublished":"2026-01-05T10:04:19+00:00","dateModified":"2026-03-23T09:28:08+00:00","description":"Voc\u00ea precisa de mais informa\u00e7\u00f5es? Um consultor entrar\u00e1 em contato com voc\u00ea em at\u00e9 24 horas.","breadcrumb":{"@id":"https:\/\/www.korbenforpeople.com\/talent\/#breadcrumb"},"inLanguage":"pt-BR","potentialAction":[{"@type":"ReadAction","target":["https:\/\/www.korbenforpeople.com\/talent\/"]}]},{"@type":"ImageObject","inLanguage":"pt-BR","@id":"https:\/\/www.korbenforpeople.com\/talent\/#primaryimage","url":"https:\/\/www.korbenforpeople.com\/wp-content\/uploads\/2025\/07\/footer-top-text.svg","contentUrl":"https:\/\/www.korbenforpeople.com\/wp-content\/uploads\/2025\/07\/footer-top-text.svg"},{"@type":"BreadcrumbList","@id":"https:\/\/www.korbenforpeople.com\/talent\/#breadcrumb","itemListElement":[{"@type":"ListItem","position":1,"name":"Home","item":"https:\/\/www.korbenforpeople.com\/"},{"@type":"ListItem","position":2,"name":"Talent"}]},{"@type":"WebSite","@id":"https:\/\/www.korbenforpeople.com\/#website","url":"https:\/\/www.korbenforpeople.com\/","name":"Korben For People","description":"","publisher":{"@id":"https:\/\/www.korbenforpeople.com\/#organization"},"potentialAction":[{"@type":"SearchAction","target":{"@type":"EntryPoint","urlTemplate":"https:\/\/www.korbenforpeople.com\/?s={search_term_string}"},"query-input":{"@type":"PropertyValueSpecification","valueRequired":true,"valueName":"search_term_string"}}],"inLanguage":"pt-BR"},{"@type":"Organization","@id":"https:\/\/www.korbenforpeople.com\/#organization","name":"Korben For People","url":"https:\/\/www.korbenforpeople.com\/","logo":{"@type":"ImageObject","inLanguage":"pt-BR","@id":"https:\/\/www.korbenforpeople.com\/#\/schema\/logo\/image\/","url":"https:\/\/www.korbenforpeople.com\/wp-content\/uploads\/2025\/07\/animated-icon.svg","contentUrl":"https:\/\/www.korbenforpeople.com\/wp-content\/uploads\/2025\/07\/animated-icon.svg","width":114,"height":112,"caption":"Korben For People"},"image":{"@id":"https:\/\/www.korbenforpeople.com\/#\/schema\/logo\/image\/"}}]}},"_links":{"self":[{"href":"https:\/\/www.korbenforpeople.com\/pt\/wp-json\/wp\/v2\/pages\/2483","targetHints":{"allow":["GET"]}}],"collection":[{"href":"https:\/\/www.korbenforpeople.com\/pt\/wp-json\/wp\/v2\/pages"}],"about":[{"href":"https:\/\/www.korbenforpeople.com\/pt\/wp-json\/wp\/v2\/types\/page"}],"author":[{"embeddable":true,"href":"https:\/\/www.korbenforpeople.com\/pt\/wp-json\/wp\/v2\/users\/1"}],"replies":[{"embeddable":true,"href":"https:\/\/www.korbenforpeople.com\/pt\/wp-json\/wp\/v2\/comments?post=2483"}],"version-history":[{"count":19,"href":"https:\/\/www.korbenforpeople.com\/pt\/wp-json\/wp\/v2\/pages\/2483\/revisions"}],"predecessor-version":[{"id":2993,"href":"https:\/\/www.korbenforpeople.com\/pt\/wp-json\/wp\/v2\/pages\/2483\/revisions\/2993"}],"wp:attachment":[{"href":"https:\/\/www.korbenforpeople.com\/pt\/wp-json\/wp\/v2\/media?parent=2483"}],"curies":[{"name":"wp","href":"https:\/\/api.w.org\/{rel}","templated":true}]}}