{"id":1709,"date":"2025-09-05T14:55:33","date_gmt":"2025-09-05T14:55:33","guid":{"rendered":"https:\/\/www.korbenforpeople.com\/?page_id=1709"},"modified":"2025-09-19T16:07:14","modified_gmt":"2025-09-19T16:07:14","slug":"obrigado","status":"publish","type":"page","link":"https:\/\/www.korbenforpeople.com\/pt\/obrigado\/","title":{"rendered":"Obrigado, senhor"},"content":{"rendered":"<div data-elementor-type=\"wp-page\" data-elementor-id=\"1709\" class=\"elementor elementor-1709\" data-elementor-post-type=\"page\">\n\t\t\t\t<div class=\"elementor-element elementor-element-b285d8f e-flex e-con-boxed e-con e-parent\" data-id=\"b285d8f\" data-element_type=\"container\">\n\t\t\t\t\t<div class=\"e-con-inner\">\n\t\t\t\t<div class=\"elementor-element elementor-element-3b3c095 elementor-widget elementor-widget-heading\" data-id=\"3b3c095\" data-element_type=\"widget\" data-widget_type=\"heading.default\">\n\t\t\t\t\t<h2 class=\"elementor-heading-title elementor-size-default\">Obrigado, senhor<\/h2>\t\t\t\t<\/div>\n\t\t\t\t<div class=\"elementor-element elementor-element-7af9bdb elementor-widget elementor-widget-text-editor\" data-id=\"7af9bdb\" data-element_type=\"widget\" data-widget_type=\"text-editor.default\">\n\t\t\t\t\t\t\t\t\t<p>Recebemos sua solicita\u00e7\u00e3o de contato.<\/p><p>Um consultor entrar\u00e1 em contato com voc\u00ea dentro de 24 horas.<\/p>\t\t\t\t\t\t\t\t<\/div>\n\t\t\t\t\t<\/div>\n\t\t\t\t<\/div>\n\t\t<div class=\"elementor-element elementor-element-8e88bc2 e-con-full e-flex e-con e-parent\" data-id=\"8e88bc2\" data-element_type=\"container\" data-settings=\"{&quot;background_background&quot;:&quot;classic&quot;}\">\n\t\t<div class=\"elementor-element elementor-element-cc783a0 e-con-full e-flex e-con e-child\" data-id=\"cc783a0\" data-element_type=\"container\">\n\t\t\t\t<div class=\"elementor-element elementor-element-7ea5542 elementor-widget elementor-widget-google_maps\" data-id=\"7ea5542\" data-element_type=\"widget\" data-widget_type=\"google_maps.default\">\n\t\t\t\t\t\t\t<div class=\"elementor-custom-embed\">\n\t\t\t<iframe loading=\"lazy\"\n\t\t\t\t\tsrc=\"https:\/\/maps.google.com\/maps?q=1%20rue%20de%20Stockholm%2075008%20Paris&#038;t=m&#038;z=13&#038;output=embed&#038;iwloc=near\"\n\t\t\t\t\ttitle=\"1 rue de Stockholm 75008 Paris\"\n\t\t\t\t\taria-label=\"1 rue de Stockholm 75008 Paris\"\n\t\t\t><\/iframe>\n\t\t<\/div>\n\t\t\t\t\t\t<\/div>\n\t\t\t\t<\/div>\n\t\t\t\t<\/div>\n\t\t<div class=\"elementor-element elementor-element-8ae42a2 e-flex e-con-boxed e-con e-parent\" data-id=\"8ae42a2\" data-element_type=\"container\">\n\t\t\t\t\t<div class=\"e-con-inner\">\n\t\t<div class=\"elementor-element elementor-element-7112afc e-con-full e-flex e-con e-child\" data-id=\"7112afc\" data-element_type=\"container\">\n\t\t\t\t<\/div>\n\t\t<div class=\"elementor-element elementor-element-d0e9565 e-con-full e-flex e-con e-child\" data-id=\"d0e9565\" data-element_type=\"container\">\n\t\t<div class=\"elementor-element elementor-element-a1dba2d e-con-full e-flex e-con e-child\" data-id=\"a1dba2d\" data-element_type=\"container\" data-settings=\"{&quot;background_background&quot;:&quot;classic&quot;,&quot;position&quot;:&quot;absolute&quot;}\">\n\t\t\t\t<div class=\"elementor-element elementor-element-12d8835 elementor-widget elementor-widget-heading\" data-id=\"12d8835\" data-element_type=\"widget\" data-widget_type=\"heading.default\">\n\t\t\t\t\t<h2 class=\"elementor-heading-title elementor-size-default\">Entre em contato conosco tamb\u00e9m<\/h2>\t\t\t\t<\/div>\n\t\t\t\t<div class=\"elementor-element elementor-element-700a458 elementor-widget elementor-widget-heading\" data-id=\"700a458\" data-element_type=\"widget\" data-widget_type=\"heading.default\">\n\t\t\t\t\t<h2 class=\"elementor-heading-title elementor-size-default\">Por telefone \n<\/h2>\t\t\t\t<\/div>\n\t\t\t\t<div class=\"elementor-element elementor-element-9f0e31f elementor-widget elementor-widget-heading\" data-id=\"9f0e31f\" data-element_type=\"widget\" data-widget_type=\"heading.default\">\n\t\t\t\t\t<h2 class=\"elementor-heading-title elementor-size-default\"><a href=\"tel:+330183755723\">01 83 75 57 23<\/a><\/h2>\t\t\t\t<\/div>\n\t\t\t\t<div class=\"elementor-element elementor-element-fd18082 elementor-widget elementor-widget-heading\" data-id=\"fd18082\" data-element_type=\"widget\" data-widget_type=\"heading.default\">\n\t\t\t\t\t<h2 class=\"elementor-heading-title elementor-size-default\">Ou por correio para\n<\/h2>\t\t\t\t<\/div>\n\t\t\t\t<div class=\"elementor-element elementor-element-3cfd7eb elementor-widget-laptop__width-inherit elementor-widget elementor-widget-heading\" data-id=\"3cfd7eb\" data-element_type=\"widget\" data-widget_type=\"heading.default\">\n\t\t\t\t\t<h2 class=\"elementor-heading-title elementor-size-default\">1 rue de Stockholm\n75008 Paris<\/h2>\t\t\t\t<\/div>\n\t\t\t\t<\/div>\n\t\t\t\t<\/div>\n\t\t\t\t\t<\/div>\n\t\t\t\t<\/div>\n\t\t<div class=\"elementor-element elementor-element-282b120 e-flex e-con-boxed e-con e-parent\" data-id=\"282b120\" data-element_type=\"container\">\n\t\t\t\t\t<div class=\"e-con-inner\">\n\t\t\t\t<div class=\"elementor-element elementor-element-87fcb1c elementor-widget elementor-widget-heading\" data-id=\"87fcb1c\" data-element_type=\"widget\" data-widget_type=\"heading.default\">\n\t\t\t\t\t<span class=\"elementor-heading-title elementor-size-default\"><a href=\"#\">@KORBEN.BOTS<\/a><\/span>\t\t\t\t<\/div>\n\t\t\t\t<div class=\"elementor-element elementor-element-b14f763 elementor-widget elementor-widget-image\" data-id=\"b14f763\" data-element_type=\"widget\" data-widget_type=\"image.default\">\n\t\t\t\t\t\t\t\t\t\t\t\t\t\t\t<img fetchpriority=\"high\" decoding=\"async\" width=\"814\" height=\"360\" src=\"https:\/\/www.korbenforpeople.com\/wp-content\/uploads\/2025\/07\/footer-top-text.svg\" class=\"attachment-full size-full wp-image-224\" alt=\"\" \/>\t\t\t\t\t\t\t\t\t\t\t\t\t\t\t<\/div>\n\t\t\t\t<div class=\"elementor-element elementor-element-af7d673 elementor-shape-rounded elementor-grid-0 e-grid-align-center elementor-widget elementor-widget-social-icons\" data-id=\"af7d673\" data-element_type=\"widget\" data-widget_type=\"social-icons.default\">\n\t\t\t\t\t\t\t<div class=\"elementor-social-icons-wrapper elementor-grid\" role=\"list\">\n\t\t\t\t\t\t\t<span class=\"elementor-grid-item\" role=\"listitem\">\n\t\t\t\t\t<a class=\"elementor-icon elementor-social-icon elementor-social-icon-facebook-f elementor-repeater-item-84acfc2\" href=\"https:\/\/www.facebook.com\/share\/172RnwA2vL\/?mibextid=wwXIfr\" target=\"_blank\">\n\t\t\t\t\t\t<span class=\"elementor-screen-only\">Facebook-f<\/span>\n\t\t\t\t\t\t<svg aria-hidden=\"true\" class=\"e-font-icon-svg e-fab-facebook-f\" viewbox=\"0 0 320 512\" xmlns=\"http:\/\/www.w3.org\/2000\/svg\"><path d=\"M279.14 288l14.22-92.66h-88.91v-60.13c0-25.35 12.42-50.06 52.24-50.06h40.42V6.26S260.43 0 225.36 0c-73.22 0-121.08 44.38-121.08 124.72v70.62H22.89V288h81.39v224h100.17V288z\"><\/path><\/svg>\t\t\t\t\t<\/a>\n\t\t\t\t<\/span>\n\t\t\t\t\t\t\t<span class=\"elementor-grid-item\" role=\"listitem\">\n\t\t\t\t\t<a class=\"elementor-icon elementor-social-icon elementor-social-icon-instagram elementor-repeater-item-b05c128\" href=\"https:\/\/www.instagram.com\/servicebotics?igsh=MWlzem5wcnd6ZHoxMQ==\" target=\"_blank\">\n\t\t\t\t\t\t<span class=\"elementor-screen-only\">Instagram<\/span>\n\t\t\t\t\t\t<svg aria-hidden=\"true\" class=\"e-font-icon-svg e-fab-instagram\" viewbox=\"0 0 448 512\" xmlns=\"http:\/\/www.w3.org\/2000\/svg\"><path d=\"M224.1 141c-63.6 0-114.9 51.3-114.9 114.9s51.3 114.9 114.9 114.9S339 319.5 339 255.9 287.7 141 224.1 141zm0 189.6c-41.1 0-74.7-33.5-74.7-74.7s33.5-74.7 74.7-74.7 74.7 33.5 74.7 74.7-33.6 74.7-74.7 74.7zm146.4-194.3c0 14.9-12 26.8-26.8 26.8-14.9 0-26.8-12-26.8-26.8s12-26.8 26.8-26.8 26.8 12 26.8 26.8zm76.1 27.2c-1.7-35.9-9.9-67.7-36.2-93.9-26.2-26.2-58-34.4-93.9-36.2-37-2.1-147.9-2.1-184.9 0-35.8 1.7-67.6 9.9-93.9 36.1s-34.4 58-36.2 93.9c-2.1 37-2.1 147.9 0 184.9 1.7 35.9 9.9 67.7 36.2 93.9s58 34.4 93.9 36.2c37 2.1 147.9 2.1 184.9 0 35.9-1.7 67.7-9.9 93.9-36.2 26.2-26.2 34.4-58 36.2-93.9 2.1-37 2.1-147.8 0-184.8zM398.8 388c-7.8 19.6-22.9 34.7-42.6 42.6-29.5 11.7-99.5 9-132.1 9s-102.7 2.6-132.1-9c-19.6-7.8-34.7-22.9-42.6-42.6-11.7-29.5-9-99.5-9-132.1s-2.6-102.7 9-132.1c7.8-19.6 22.9-34.7 42.6-42.6 29.5-11.7 99.5-9 132.1-9s102.7-2.6 132.1 9c19.6 7.8 34.7 22.9 42.6 42.6 11.7 29.5 9 99.5 9 132.1s2.7 102.7-9 132.1z\"><\/path><\/svg>\t\t\t\t\t<\/a>\n\t\t\t\t<\/span>\n\t\t\t\t\t\t\t<span class=\"elementor-grid-item\" role=\"listitem\">\n\t\t\t\t\t<a class=\"elementor-icon elementor-social-icon elementor-social-icon-linkedin elementor-repeater-item-207cefb\" href=\"https:\/\/www.linkedin.com\/company\/service-botics\/\" target=\"_blank\">\n\t\t\t\t\t\t<span class=\"elementor-screen-only\">Linkedin<\/span>\n\t\t\t\t\t\t<svg aria-hidden=\"true\" class=\"e-font-icon-svg e-fab-linkedin\" viewbox=\"0 0 448 512\" xmlns=\"http:\/\/www.w3.org\/2000\/svg\"><path d=\"M416 32H31.9C14.3 32 0 46.5 0 64.3v383.4C0 465.5 14.3 480 31.9 480H416c17.6 0 32-14.5 32-32.3V64.3c0-17.8-14.4-32.3-32-32.3zM135.4 416H69V202.2h66.5V416zm-33.2-243c-21.3 0-38.5-17.3-38.5-38.5S80.9 96 102.2 96c21.2 0 38.5 17.3 38.5 38.5 0 21.3-17.2 38.5-38.5 38.5zm282.1 243h-66.4V312c0-24.8-.5-56.7-34.5-56.7-34.6 0-39.9 27-39.9 54.9V416h-66.4V202.2h63.7v29.2h.9c8.9-16.8 30.6-34.5 62.9-34.5 67.2 0 79.7 44.3 79.7 101.9V416z\"><\/path><\/svg>\t\t\t\t\t<\/a>\n\t\t\t\t<\/span>\n\t\t\t\t\t\t\t<span class=\"elementor-grid-item\" role=\"listitem\">\n\t\t\t\t\t<a class=\"elementor-icon elementor-social-icon elementor-social-icon-youtube elementor-repeater-item-a471b12\" href=\"https:\/\/youtube.com\/@servicebotics?si=7cvNS185tNfNcMCz\" target=\"_blank\">\n\t\t\t\t\t\t<span class=\"elementor-screen-only\">Youtube<\/span>\n\t\t\t\t\t\t<svg aria-hidden=\"true\" class=\"e-font-icon-svg e-fab-youtube\" viewbox=\"0 0 576 512\" xmlns=\"http:\/\/www.w3.org\/2000\/svg\"><path d=\"M549.655 124.083c-6.281-23.65-24.787-42.276-48.284-48.597C458.781 64 288 64 288 64S117.22 64 74.629 75.486c-23.497 6.322-42.003 24.947-48.284 48.597-11.412 42.867-11.412 132.305-11.412 132.305s0 89.438 11.412 132.305c6.281 23.65 24.787 41.5 48.284 47.821C117.22 448 288 448 288 448s170.78 0 213.371-11.486c23.497-6.321 42.003-24.171 48.284-47.821 11.412-42.867 11.412-132.305 11.412-132.305s0-89.438-11.412-132.305zm-317.51 213.508V175.185l142.739 81.205-142.739 81.201z\"><\/path><\/svg>\t\t\t\t\t<\/a>\n\t\t\t\t<\/span>\n\t\t\t\t\t<\/div>\n\t\t\t\t\t\t<\/div>\n\t\t\t\t\t<\/div>\n\t\t\t\t<\/div>\n\t\t\t\t<\/div>","protected":false},"excerpt":{"rendered":"<p>Obrigado Recebemos sua solicita\u00e7\u00e3o de contato. Um consultor entrar\u00e1 em contato com voc\u00ea dentro de 24 horas. Voc\u00ea tamb\u00e9m pode entrar em contato conosco pelo telefone 01 83 75 57 23 ou pelo correio, no endere\u00e7o 1 rue de Stockholm 75008 Paris @KORBEN.BOTS Facebook-f Instagram Linkedin Youtube<\/p>","protected":false},"author":1,"featured_media":0,"parent":0,"menu_order":0,"comment_status":"closed","ping_status":"closed","template":"elementor_header_footer","meta":{"_acf_changed":false,"footnotes":""},"class_list":["post-1709","page","type-page","status-publish","hentry"],"acf":[],"yoast_head":"<!-- This site is optimized with the Yoast SEO plugin v26.5 - https:\/\/yoast.com\/wordpress\/plugins\/seo\/ -->\n<title>Merci - Korben For People<\/title>\n<meta name=\"robots\" content=\"index, follow, max-snippet:-1, max-image-preview:large, max-video-preview:-1\" \/>\n<link rel=\"canonical\" href=\"https:\/\/www.korbenforpeople.com\/pt\/obrigado\/\" \/>\n<meta property=\"og:locale\" content=\"pt_BR\" \/>\n<meta property=\"og:type\" content=\"article\" \/>\n<meta property=\"og:title\" content=\"Merci - Korben For People\" \/>\n<meta property=\"og:description\" content=\"Merci Nous avons bien re\u00e7u votre demande de contact. Un conseiller vous rappellera dans les 24 heures. Contactez-nous \u00e9galement Par t\u00e9l\u00e9phone au 01 83 75 57 23 Ou par courrier \u00e0 1 rue de Stockholm 75008 Paris @KORBEN.BOTS Facebook-f Instagram Linkedin Youtube\" \/>\n<meta property=\"og:url\" content=\"https:\/\/www.korbenforpeople.com\/pt\/obrigado\/\" \/>\n<meta property=\"og:site_name\" content=\"Korben For People\" \/>\n<meta property=\"article:modified_time\" content=\"2025-09-19T16:07:14+00:00\" \/>\n<meta name=\"twitter:card\" content=\"summary_large_image\" \/>\n<script type=\"application\/ld+json\" class=\"yoast-schema-graph\">{\"@context\":\"https:\/\/schema.org\",\"@graph\":[{\"@type\":\"WebPage\",\"@id\":\"https:\/\/www.korbenforpeople.com\/merci\/\",\"url\":\"https:\/\/www.korbenforpeople.com\/merci\/\",\"name\":\"Merci - Korben For People\",\"isPartOf\":{\"@id\":\"https:\/\/www.korbenforpeople.com\/#website\"},\"primaryImageOfPage\":{\"@id\":\"https:\/\/www.korbenforpeople.com\/merci\/#primaryimage\"},\"image\":{\"@id\":\"https:\/\/www.korbenforpeople.com\/merci\/#primaryimage\"},\"thumbnailUrl\":\"https:\/\/www.korbenforpeople.com\/wp-content\/uploads\/2025\/07\/footer-top-text.svg\",\"datePublished\":\"2025-09-05T14:55:33+00:00\",\"dateModified\":\"2025-09-19T16:07:14+00:00\",\"breadcrumb\":{\"@id\":\"https:\/\/www.korbenforpeople.com\/merci\/#breadcrumb\"},\"inLanguage\":\"pt-BR\",\"potentialAction\":[{\"@type\":\"ReadAction\",\"target\":[\"https:\/\/www.korbenforpeople.com\/merci\/\"]}]},{\"@type\":\"ImageObject\",\"inLanguage\":\"pt-BR\",\"@id\":\"https:\/\/www.korbenforpeople.com\/merci\/#primaryimage\",\"url\":\"https:\/\/www.korbenforpeople.com\/wp-content\/uploads\/2025\/07\/footer-top-text.svg\",\"contentUrl\":\"https:\/\/www.korbenforpeople.com\/wp-content\/uploads\/2025\/07\/footer-top-text.svg\"},{\"@type\":\"BreadcrumbList\",\"@id\":\"https:\/\/www.korbenforpeople.com\/merci\/#breadcrumb\",\"itemListElement\":[{\"@type\":\"ListItem\",\"position\":1,\"name\":\"Home\",\"item\":\"https:\/\/www.korbenforpeople.com\/\"},{\"@type\":\"ListItem\",\"position\":2,\"name\":\"Merci\"}]},{\"@type\":\"WebSite\",\"@id\":\"https:\/\/www.korbenforpeople.com\/#website\",\"url\":\"https:\/\/www.korbenforpeople.com\/\",\"name\":\"Korben For People\",\"description\":\"\",\"publisher\":{\"@id\":\"https:\/\/www.korbenforpeople.com\/#organization\"},\"potentialAction\":[{\"@type\":\"SearchAction\",\"target\":{\"@type\":\"EntryPoint\",\"urlTemplate\":\"https:\/\/www.korbenforpeople.com\/?s={search_term_string}\"},\"query-input\":{\"@type\":\"PropertyValueSpecification\",\"valueRequired\":true,\"valueName\":\"search_term_string\"}}],\"inLanguage\":\"pt-BR\"},{\"@type\":\"Organization\",\"@id\":\"https:\/\/www.korbenforpeople.com\/#organization\",\"name\":\"Korben For People\",\"url\":\"https:\/\/www.korbenforpeople.com\/\",\"logo\":{\"@type\":\"ImageObject\",\"inLanguage\":\"pt-BR\",\"@id\":\"https:\/\/www.korbenforpeople.com\/#\/schema\/logo\/image\/\",\"url\":\"https:\/\/www.korbenforpeople.com\/wp-content\/uploads\/2025\/07\/animated-icon.svg\",\"contentUrl\":\"https:\/\/www.korbenforpeople.com\/wp-content\/uploads\/2025\/07\/animated-icon.svg\",\"width\":114,\"height\":112,\"caption\":\"Korben For People\"},\"image\":{\"@id\":\"https:\/\/www.korbenforpeople.com\/#\/schema\/logo\/image\/\"}}]}<\/script>\n<!-- \/ Yoast SEO plugin. -->","yoast_head_json":{"title":"Obrigado - Korben For People","robots":{"index":"index","follow":"follow","max-snippet":"max-snippet:-1","max-image-preview":"max-image-preview:large","max-video-preview":"max-video-preview:-1"},"canonical":"https:\/\/www.korbenforpeople.com\/pt\/obrigado\/","og_locale":"pt_BR","og_type":"article","og_title":"Merci - Korben For People","og_description":"Merci Nous avons bien re\u00e7u votre demande de contact. Un conseiller vous rappellera dans les 24 heures. Contactez-nous \u00e9galement Par t\u00e9l\u00e9phone au 01 83 75 57 23 Ou par courrier \u00e0 1 rue de Stockholm 75008 Paris @KORBEN.BOTS Facebook-f Instagram Linkedin Youtube","og_url":"https:\/\/www.korbenforpeople.com\/pt\/obrigado\/","og_site_name":"Korben For People","article_modified_time":"2025-09-19T16:07:14+00:00","twitter_card":"summary_large_image","schema":{"@context":"https:\/\/schema.org","@graph":[{"@type":"WebPage","@id":"https:\/\/www.korbenforpeople.com\/merci\/","url":"https:\/\/www.korbenforpeople.com\/merci\/","name":"Obrigado - Korben For People","isPartOf":{"@id":"https:\/\/www.korbenforpeople.com\/#website"},"primaryImageOfPage":{"@id":"https:\/\/www.korbenforpeople.com\/merci\/#primaryimage"},"image":{"@id":"https:\/\/www.korbenforpeople.com\/merci\/#primaryimage"},"thumbnailUrl":"https:\/\/www.korbenforpeople.com\/wp-content\/uploads\/2025\/07\/footer-top-text.svg","datePublished":"2025-09-05T14:55:33+00:00","dateModified":"2025-09-19T16:07:14+00:00","breadcrumb":{"@id":"https:\/\/www.korbenforpeople.com\/merci\/#breadcrumb"},"inLanguage":"pt-BR","potentialAction":[{"@type":"ReadAction","target":["https:\/\/www.korbenforpeople.com\/merci\/"]}]},{"@type":"ImageObject","inLanguage":"pt-BR","@id":"https:\/\/www.korbenforpeople.com\/merci\/#primaryimage","url":"https:\/\/www.korbenforpeople.com\/wp-content\/uploads\/2025\/07\/footer-top-text.svg","contentUrl":"https:\/\/www.korbenforpeople.com\/wp-content\/uploads\/2025\/07\/footer-top-text.svg"},{"@type":"BreadcrumbList","@id":"https:\/\/www.korbenforpeople.com\/merci\/#breadcrumb","itemListElement":[{"@type":"ListItem","position":1,"name":"Home","item":"https:\/\/www.korbenforpeople.com\/"},{"@type":"ListItem","position":2,"name":"Merci"}]},{"@type":"WebSite","@id":"https:\/\/www.korbenforpeople.com\/#website","url":"https:\/\/www.korbenforpeople.com\/","name":"Korben For People","description":"","publisher":{"@id":"https:\/\/www.korbenforpeople.com\/#organization"},"potentialAction":[{"@type":"SearchAction","target":{"@type":"EntryPoint","urlTemplate":"https:\/\/www.korbenforpeople.com\/?s={search_term_string}"},"query-input":{"@type":"PropertyValueSpecification","valueRequired":true,"valueName":"search_term_string"}}],"inLanguage":"pt-BR"},{"@type":"Organization","@id":"https:\/\/www.korbenforpeople.com\/#organization","name":"Korben For People","url":"https:\/\/www.korbenforpeople.com\/","logo":{"@type":"ImageObject","inLanguage":"pt-BR","@id":"https:\/\/www.korbenforpeople.com\/#\/schema\/logo\/image\/","url":"https:\/\/www.korbenforpeople.com\/wp-content\/uploads\/2025\/07\/animated-icon.svg","contentUrl":"https:\/\/www.korbenforpeople.com\/wp-content\/uploads\/2025\/07\/animated-icon.svg","width":114,"height":112,"caption":"Korben For People"},"image":{"@id":"https:\/\/www.korbenforpeople.com\/#\/schema\/logo\/image\/"}}]}},"_links":{"self":[{"href":"https:\/\/www.korbenforpeople.com\/pt\/wp-json\/wp\/v2\/pages\/1709","targetHints":{"allow":["GET"]}}],"collection":[{"href":"https:\/\/www.korbenforpeople.com\/pt\/wp-json\/wp\/v2\/pages"}],"about":[{"href":"https:\/\/www.korbenforpeople.com\/pt\/wp-json\/wp\/v2\/types\/page"}],"author":[{"embeddable":true,"href":"https:\/\/www.korbenforpeople.com\/pt\/wp-json\/wp\/v2\/users\/1"}],"replies":[{"embeddable":true,"href":"https:\/\/www.korbenforpeople.com\/pt\/wp-json\/wp\/v2\/comments?post=1709"}],"version-history":[{"count":7,"href":"https:\/\/www.korbenforpeople.com\/pt\/wp-json\/wp\/v2\/pages\/1709\/revisions"}],"predecessor-version":[{"id":1764,"href":"https:\/\/www.korbenforpeople.com\/pt\/wp-json\/wp\/v2\/pages\/1709\/revisions\/1764"}],"wp:attachment":[{"href":"https:\/\/www.korbenforpeople.com\/pt\/wp-json\/wp\/v2\/media?parent=1709"}],"curies":[{"name":"wp","href":"https:\/\/api.w.org\/{rel}","templated":true}]}}