{"id":1251,"date":"2025-08-20T14:34:43","date_gmt":"2025-08-20T14:34:43","guid":{"rendered":"https:\/\/www.korbenforpeople.com\/?page_id=1251"},"modified":"2025-08-20T14:42:06","modified_gmt":"2025-08-20T14:42:06","slug":"informacoes-legais","status":"publish","type":"page","link":"https:\/\/www.korbenforpeople.com\/pt\/informacoes-legais\/","title":{"rendered":"Informa\u00e7\u00f5es legais"},"content":{"rendered":"<div data-elementor-type=\"wp-post\" data-elementor-id=\"1251\" class=\"elementor elementor-1251\" data-elementor-post-type=\"page\">\n\t\t\t\t<div class=\"elementor-element elementor-element-aa3f423 e-con-full e-flex e-con e-parent\" data-id=\"aa3f423\" data-element_type=\"container\">\n\t\t<div class=\"elementor-element elementor-element-f967912 e-con-full e-flex e-con e-child\" data-id=\"f967912\" data-element_type=\"container\" data-settings=\"{&quot;background_background&quot;:&quot;classic&quot;}\">\n\t\t\t\t<div class=\"elementor-element elementor-element-13dc556 elementor-widget elementor-widget-heading\" data-id=\"13dc556\" data-element_type=\"widget\" data-widget_type=\"heading.default\">\n\t\t\t\t\t<h2 class=\"elementor-heading-title elementor-size-default\">Informa\u00e7\u00f5es legais<\/h2>\t\t\t\t<\/div>\n\t\t\t\t<div class=\"elementor-element elementor-element-24df3d4 elementor-widget elementor-widget-text-editor\" data-id=\"24df3d4\" data-element_type=\"widget\" data-widget_type=\"text-editor.default\">\n\t\t\t\t\t\t\t\t\t<div class=\"elementor-element elementor-element-0eedc36 elementor-widget elementor-widget-heading\" data-id=\"0eedc36\" data-element_type=\"widget\" data-widget_type=\"heading.default\"><div class=\"elementor-widget-container\"><h3 class=\"elementor-heading-title elementor-size-default\">Em vigor a partir de 20 de agosto de 2025<\/h3><\/div><\/div><div class=\"elementor-element elementor-element-2e7f2b1 elementor-widget elementor-widget-text-editor\" data-id=\"2e7f2b1\" data-element_type=\"widget\" data-widget_type=\"text-editor.default\"><div class=\"elementor-widget-container\"><p class=\"translation-block\">De acordo com as disposi\u00e7\u00f5es dos Artigos 6-III e 19 da Lei No. 2004-575 de 21 de junho de 2004 sobre Confian\u00e7a na Economia Digital (L.C.E.N.), os usu\u00e1rios e visitantes do site <a href=\"https:\/\/www.korbenforpeople.com\/pt\/\" target=\"_self\">https:\/\/www.korbenforpeople.com\/<\/a>, doravante denominado <strong>\"Site\"<\/strong>, s\u00e3o informados do presente aviso legal.<\/p><p class=\"translation-block\">A conex\u00e3o e a navega\u00e7\u00e3o no Site implicam a aceita\u00e7\u00e3o total e sem reservas deste aviso legal, que pode ser acessado no Site sob o t\u00edtulo \"Aviso legal\".<\/p><\/div><\/div><div class=\"elementor-element elementor-element-7f79486 elementor-widget elementor-widget-heading\" data-id=\"7f79486\" data-element_type=\"widget\" data-widget_type=\"heading.default\"><div class=\"elementor-widget-container\"><h3>\u00a0<\/h3><h3 class=\"elementor-heading-title elementor-size-default\">ARTIGO 1 - O EDITOR<\/h3><\/div><\/div><div class=\"elementor-element elementor-element-a492e5e elementor-widget elementor-widget-text-editor\" data-id=\"a492e5e\" data-element_type=\"widget\" data-widget_type=\"text-editor.default\"><div class=\"elementor-widget-container\"><p class=\"translation-block\">O Site \u00e9 publicado pela <strong>SBT France<\/strong>, uma sociedade an\u00f4nima simplificada (SAS) com capital de <strong>10.000 euros<\/strong>, registrada no Registro de Com\u00e9rcio e Empresas de Paris (RCS) sob o n\u00famero 938054566, cuja sede est\u00e1 localizada em:<\/p><p><strong>1 rue de Stockholm 75008 Paris<\/strong><\/p><p class=\"translation-block\">N\u00famero de telefone: <strong>01 83 75 57 23<\/strong><br>Endere\u00e7o de e-mail: <strong>s<\/strong>y<strong>lvain@korbenforpeople.com<\/strong><\/p><p>N\u00famero de IVA :\u00a0<strong>FR01938054566<\/strong><\/p><p class=\"translation-block\">O Diretor de Publica\u00e7\u00e3o \u00e9 Lucas Goumarre, doravante denominado <strong>\"Editor\"<\/strong>.<\/p><\/div><\/div><div class=\"elementor-element elementor-element-c9b9d9c elementor-widget elementor-widget-heading\" data-id=\"c9b9d9c\" data-element_type=\"widget\" data-widget_type=\"heading.default\"><div class=\"elementor-widget-container\"><h3>\u00a0<\/h3><h3 class=\"elementor-heading-title elementor-size-default\">ARTIGO 2 - O ANFITRI\u00c3O<\/h3><\/div><\/div><div class=\"elementor-element elementor-element-18a7367 elementor-widget elementor-widget-text-editor\" data-id=\"18a7367\" data-element_type=\"widget\" data-widget_type=\"text-editor.default\"><div class=\"elementor-widget-container\"><p class=\"translation-block\"><strong data-start=\"49\" data-end=\"91\">O site \u00e9 hospedado pela:<\/strong> OVH<br data-start=\"95\" data-end=\"98\"><strong data-start=\"98\" data-end=\"116\">Sede da empresa:<\/strong> 2 rue Kellermann, 59100 Roubaix, Fran\u00e7a<br data-start=\"156\" data-end=\"159\"><strong data-start=\"159\" data-end=\"184\" data-is-only-node=\"\">N\u00famero de telefone:<\/strong> 09 72 10 10 07<br data-start=\"199\" data-end=\"202\"><strong data-start=\"202\" data-end=\"222\">Endere\u00e7o de e-mail:<\/strong> <a class=\"decorated-link cursor-pointer\" rel=\"noopener\" data-start=\"223\" data-end=\"238\" target=\"_self\">support@ovh.com<\/a><\/p><\/div><\/div><div class=\"elementor-element elementor-element-ea42ba1 elementor-widget elementor-widget-heading\" data-id=\"ea42ba1\" data-element_type=\"widget\" data-widget_type=\"heading.default\"><div class=\"elementor-widget-container\"><h3>\u00a0<\/h3><h3 class=\"elementor-heading-title elementor-size-default\">ARTIGO 3 - ACESSO AO SITE<\/h3><\/div><\/div><div class=\"elementor-element elementor-element-6ca06a2 elementor-widget elementor-widget-text-editor\" data-id=\"6ca06a2\" data-element_type=\"widget\" data-widget_type=\"text-editor.default\"><div class=\"elementor-widget-container\"><p>O Site pode ser acessado o tempo todo, 7 dias por semana e 24 horas por dia, exceto em casos de for\u00e7a maior, interrup\u00e7\u00e3o programada ou n\u00e3o programada ou manuten\u00e7\u00e3o.<\/p><p>O Editor n\u00e3o pode ser responsabilizado por qualquer modifica\u00e7\u00e3o, interrup\u00e7\u00e3o ou suspens\u00e3o do Site.<\/p><\/div><\/div><div class=\"elementor-element elementor-element-66e6bfb elementor-widget elementor-widget-heading\" data-id=\"66e6bfb\" data-element_type=\"widget\" data-widget_type=\"heading.default\"><div class=\"elementor-widget-container\"><h3>\u00a0<\/h3><h3 class=\"elementor-heading-title elementor-size-default\">ARTIGO 4 - COLETA DE DADOS<\/h3><\/div><\/div><div class=\"elementor-element elementor-element-4832a0c elementor-widget elementor-widget-text-editor\" data-id=\"4832a0c\" data-element_type=\"widget\" data-widget_type=\"text-editor.default\"><div class=\"elementor-widget-container\"><p>O Site garante que os dados pessoais do usu\u00e1rio sejam coletados e processados com o devido respeito \u00e0 privacidade, de acordo com a Lei n\u00ba 78-17 de 6 de janeiro de 1978, conforme alterada, e com o Regulamento Geral de Prote\u00e7\u00e3o de Dados (RGPD).<\/p><p>De acordo com essas disposi\u00e7\u00f5es, os usu\u00e1rios t\u00eam o direito de acessar, retificar, excluir e contestar seus dados pessoais.<\/p><p>Os usu\u00e1rios podem exercer esses direitos:<\/p><ul><li aria-level=\"1\" class=\"translation-block\">Por e-mail: <strong>sylvain@korbenforpeople.com<\/strong><\/li><li aria-level=\"1\" class=\"translation-block\">Pelo correio: <b>SBT France - 1 rue de Stockholm 75008 Paris<\/b>.<\/li><\/ul><p class=\"translation-block\">Para obter mais informa\u00e7\u00f5es sobre o gerenciamento de dados pessoais, consulte a se\u00e7\u00e3o \"<b>Pol\u00edtica de Privacidade<\/b>\" acess\u00edvel no Site.<\/p><\/div><\/div><div class=\"elementor-element elementor-element-9f996e4 elementor-widget elementor-widget-heading\" data-id=\"9f996e4\" data-element_type=\"widget\" data-widget_type=\"heading.default\"><div class=\"elementor-widget-container\"><h3>\u00a0<\/h3><h3 class=\"elementor-heading-title elementor-size-default\">ARTIGO 5 - PROPRIEDADE INTELECTUAL<\/h3><\/div><\/div><div class=\"elementor-element elementor-element-183b478 elementor-widget elementor-widget-text-editor\" data-id=\"183b478\" data-element_type=\"widget\" data-widget_type=\"text-editor.default\"><div class=\"elementor-widget-container\"><p>Qualquer uso, reprodu\u00e7\u00e3o, distribui\u00e7\u00e3o, marketing ou modifica\u00e7\u00e3o de todo ou parte do Site sem a autoriza\u00e7\u00e3o pr\u00e9via por escrito do Editor \u00e9 estritamente proibido e pode resultar em a\u00e7\u00f5es e procedimentos legais de acordo com as disposi\u00e7\u00f5es do C\u00f3digo de Propriedade Intelectual franc\u00eas e do C\u00f3digo Civil franc\u00eas.<\/p><\/div><\/div><div class=\"elementor-element elementor-element-211fea3 elementor-widget elementor-widget-heading\" data-id=\"211fea3\" data-element_type=\"widget\" data-widget_type=\"heading.default\"><div class=\"elementor-widget-container\"><h3>\u00a0<\/h3><h3 class=\"elementor-heading-title elementor-size-default\">ARTIGO 6 - LEI APLIC\u00c1VEL<\/h3><\/div><\/div><div class=\"elementor-element elementor-element-ed4ac00 elementor-widget elementor-widget-text-editor\" data-id=\"ed4ac00\" data-element_type=\"widget\" data-widget_type=\"text-editor.default\"><div class=\"elementor-widget-container\"><p>Este aviso legal \u00e9 regido pela lei francesa. Em caso de lit\u00edgio, e na falta de uma resolu\u00e7\u00e3o amig\u00e1vel, os tribunais competentes ser\u00e3o os do Tribunal Comercial de Paris.<\/p><\/div><\/div>\t\t\t\t\t\t\t\t<\/div>\n\t\t\t\t<\/div>\n\t\t\t\t<\/div>\n\t\t<div class=\"elementor-element elementor-element-6181826 elementor-hidden-tablet elementor-hidden-mobile e-flex e-con-boxed e-con e-parent\" data-id=\"6181826\" data-element_type=\"container\">\n\t\t\t\t\t<div class=\"e-con-inner\">\n\t\t\t\t<div class=\"elementor-element elementor-element-c34aab9 elementor-widget__width-initial elementor-fixed dp-floating-contact elementor-view-default elementor-position-top elementor-mobile-position-top elementor-widget elementor-widget-icon-box\" data-id=\"c34aab9\" data-element_type=\"widget\" data-settings=\"{&quot;_position&quot;:&quot;fixed&quot;}\" data-widget_type=\"icon-box.default\">\n\t\t\t\t\t\t\t<div class=\"elementor-icon-box-wrapper\">\n\n\t\t\t\t\t\t<div class=\"elementor-icon-box-icon\">\n\t\t\t\t<a href=\"#\" class=\"elementor-icon\" tabindex=\"-1\" aria-label=\"Voc\u00ea tem alguma pergunta?\">\n\t\t\t\t<svg xmlns=\"http:\/\/www.w3.org\/2000\/svg\" width=\"114.839\" height=\"112.707\" viewbox=\"0 0 114.839 112.707\"><g id=\"Group_56_combined\" data-name=\"Group 56\" transform=\"translate(-5480.514 -864.917)\"><path id=\"Path_99_static\" data-name=\"Path 99\" d=\"M88.791.464H49.83C41.914.464,29.741,3.691,24.548,8.9L10.872,23.21A28.557,28.557,0,0,0,2.437,43.492v49.5a20.181,20.181,0,0,0,20.181,20.184H85.386a31.89,31.89,0,0,0,31.89-31.892V29.495A28.9,28.9,0,0,0,88.791.464M110.467,71.3A21.316,21.316,0,0,1,89.152,92.615H44.305A21.316,21.316,0,0,1,22.99,71.3V28.588A21.316,21.316,0,0,1,44.305,7.273H89.152a21.316,21.316,0,0,1,21.315,21.315Z\" transform=\"translate(5478.077 864.453)\" fill=\"#ff4a14\"><\/path><path id=\"Path_101_default_state\" class=\"path-101-default\" data-name=\"Path 101\" d=\"M51.976,40.934v3.806a.976.976,0,0,1-.976.976H38.356a.975.975,0,0,1-.976-.976V28.712a7.3,7.3,0,1,1,14.6,0v4.24\" transform=\"translate(5493.343 873.606)\" fill=\"#ff4a14\"><\/path><path id=\"Path_101_hover_state\" class=\"path-101-hover\" data-name=\"Path 101\" d=\"M51.976,26.57v1.005c0,.142-.437.258-.976.258H38.356c-.54,0-.976-.115-.976-.258V23.342c0-1.065,3.266-1.928,7.3-1.928s7.3.863,7.3,1.12\" transform=\"translate(5493.343 891.489)\" fill=\"#ff4a14\"><\/path><path id=\"Path_102_static\" data-name=\"Path 102\" d=\"M63.615,40.934v3.806a.975.975,0,0,1-.974.976H49.995a.976.976,0,0,1-.976-.976V28.712a7.3,7.3,0,1,1,14.6,0v4.24\" transform=\"translate(5498.428 873.606)\" fill=\"#ff4a14\"><\/path><path id=\"Path_103_static\" data-name=\"Path 103\" d=\"M53.109,55.83c-9.091,0-16.488-6.291-16.488-14.024a2.943,2.943,0,1,1,5.887,0c0,4.486,4.756,8.136,10.6,8.136s10.6-3.65,10.6-8.136a2.944,2.944,0,1,1,5.888,0c0,7.733-7.4,14.024-16.488,14.024\" transform=\"translate(5493.012 881.229)\" fill=\"#ff4a14\"><\/path><\/g><\/svg>\t\t\t\t<\/a>\n\t\t\t<\/div>\n\t\t\t\n\t\t\t\t\t\t<div class=\"elementor-icon-box-content\">\n\n\t\t\t\t\t\t\t\t\t<h3 class=\"elementor-icon-box-title\">\n\t\t\t\t\t\t<a href=\"#\" >\n\t\t\t\t\t\t\tVoc\u00ea tem alguma pergunta?\t\t\t\t\t\t<\/a>\n\t\t\t\t\t<\/h3>\n\t\t\t\t\n\t\t\t\t\t\t\t\t\t<p class=\"elementor-icon-box-description\">\n\t\t\t\t\t\tTeremos o maior prazer em ajud\u00e1-lo.\t\t\t\t\t<\/p>\n\t\t\t\t\n\t\t\t<\/div>\n\t\t\t\n\t\t<\/div>\n\t\t\t\t\t\t<\/div>\n\t\t\t\t\t<\/div>\n\t\t\t\t<\/div>\n\t\t\t\t<\/div>","protected":false},"excerpt":{"rendered":"<p>Informa\u00e7\u00f5es legais Em vigor a partir de 20 de agosto de 2025 De acordo com as disposi\u00e7\u00f5es dos Artigos 6-III e 19 da Lei n\u00ba 2004-575 de 21 de junho de 2004 sobre Confian\u00e7a na Economia Digital (L.C.E.N.), os usu\u00e1rios e visitantes do site https:\/\/www.korbenforpeople.com\/, doravante denominado \"Site\", s\u00e3o informados das presentes informa\u00e7\u00f5es legais. A conex\u00e3o e [...]<\/p>","protected":false},"author":1,"featured_media":0,"parent":0,"menu_order":0,"comment_status":"closed","ping_status":"closed","template":"elementor_header_footer","meta":{"_acf_changed":false,"footnotes":""},"class_list":["post-1251","page","type-page","status-publish","hentry"],"acf":[],"yoast_head":"<!-- This site is optimized with the Yoast SEO plugin v26.5 - https:\/\/yoast.com\/wordpress\/plugins\/seo\/ -->\n<title>Mentions l\u00e9gales - Korben For People<\/title>\n<meta name=\"robots\" content=\"index, follow, max-snippet:-1, max-image-preview:large, max-video-preview:-1\" \/>\n<link rel=\"canonical\" href=\"https:\/\/www.korbenforpeople.com\/pt\/informacoes-legais\/\" \/>\n<meta property=\"og:locale\" content=\"pt_BR\" \/>\n<meta property=\"og:type\" content=\"article\" \/>\n<meta property=\"og:title\" content=\"Mentions l\u00e9gales - Korben For People\" \/>\n<meta property=\"og:description\" content=\"Mentions l\u00e9gales En vigueur au 20 aout 2025 Conform\u00e9ment aux dispositions des Articles 6-III et 19 de la Loi n\u00b02004-575 du 21 juin 2004 pour la Confiance dans l\u2019\u00c9conomie Num\u00e9rique (L.C.E.N.), il est port\u00e9 \u00e0 la connaissance des utilisateurs et visiteurs du site https:\/\/www.korbenforpeople.com\/, ci-apr\u00e8s d\u00e9nomm\u00e9 le \u00ab\u00a0Site\u00a0\u00bb, les pr\u00e9sentes mentions l\u00e9gales. La connexion et [&hellip;]\" \/>\n<meta property=\"og:url\" content=\"https:\/\/www.korbenforpeople.com\/pt\/informacoes-legais\/\" \/>\n<meta property=\"og:site_name\" content=\"Korben For People\" \/>\n<meta property=\"article:modified_time\" content=\"2025-08-20T14:42:06+00:00\" \/>\n<meta name=\"twitter:card\" content=\"summary_large_image\" \/>\n<meta name=\"twitter:label1\" content=\"Est. tempo de leitura\" \/>\n\t<meta name=\"twitter:data1\" content=\"2 minutos\" \/>\n<script type=\"application\/ld+json\" class=\"yoast-schema-graph\">{\"@context\":\"https:\/\/schema.org\",\"@graph\":[{\"@type\":\"WebPage\",\"@id\":\"https:\/\/www.korbenforpeople.com\/mentions-legales\/\",\"url\":\"https:\/\/www.korbenforpeople.com\/mentions-legales\/\",\"name\":\"Mentions l\u00e9gales - Korben For People\",\"isPartOf\":{\"@id\":\"https:\/\/www.korbenforpeople.com\/#website\"},\"datePublished\":\"2025-08-20T14:34:43+00:00\",\"dateModified\":\"2025-08-20T14:42:06+00:00\",\"breadcrumb\":{\"@id\":\"https:\/\/www.korbenforpeople.com\/mentions-legales\/#breadcrumb\"},\"inLanguage\":\"pt-BR\",\"potentialAction\":[{\"@type\":\"ReadAction\",\"target\":[\"https:\/\/www.korbenforpeople.com\/mentions-legales\/\"]}]},{\"@type\":\"BreadcrumbList\",\"@id\":\"https:\/\/www.korbenforpeople.com\/mentions-legales\/#breadcrumb\",\"itemListElement\":[{\"@type\":\"ListItem\",\"position\":1,\"name\":\"Home\",\"item\":\"https:\/\/www.korbenforpeople.com\/\"},{\"@type\":\"ListItem\",\"position\":2,\"name\":\"Mentions l\u00e9gales\"}]},{\"@type\":\"WebSite\",\"@id\":\"https:\/\/www.korbenforpeople.com\/#website\",\"url\":\"https:\/\/www.korbenforpeople.com\/\",\"name\":\"Korben For People\",\"description\":\"\",\"publisher\":{\"@id\":\"https:\/\/www.korbenforpeople.com\/#organization\"},\"potentialAction\":[{\"@type\":\"SearchAction\",\"target\":{\"@type\":\"EntryPoint\",\"urlTemplate\":\"https:\/\/www.korbenforpeople.com\/?s={search_term_string}\"},\"query-input\":{\"@type\":\"PropertyValueSpecification\",\"valueRequired\":true,\"valueName\":\"search_term_string\"}}],\"inLanguage\":\"pt-BR\"},{\"@type\":\"Organization\",\"@id\":\"https:\/\/www.korbenforpeople.com\/#organization\",\"name\":\"Korben For People\",\"url\":\"https:\/\/www.korbenforpeople.com\/\",\"logo\":{\"@type\":\"ImageObject\",\"inLanguage\":\"pt-BR\",\"@id\":\"https:\/\/www.korbenforpeople.com\/#\/schema\/logo\/image\/\",\"url\":\"https:\/\/www.korbenforpeople.com\/wp-content\/uploads\/2025\/07\/animated-icon.svg\",\"contentUrl\":\"https:\/\/www.korbenforpeople.com\/wp-content\/uploads\/2025\/07\/animated-icon.svg\",\"width\":114,\"height\":112,\"caption\":\"Korben For People\"},\"image\":{\"@id\":\"https:\/\/www.korbenforpeople.com\/#\/schema\/logo\/image\/\"}}]}<\/script>\n<!-- \/ Yoast SEO plugin. -->","yoast_head_json":{"title":"Informa\u00e7\u00f5es legais - Korben For People","robots":{"index":"index","follow":"follow","max-snippet":"max-snippet:-1","max-image-preview":"max-image-preview:large","max-video-preview":"max-video-preview:-1"},"canonical":"https:\/\/www.korbenforpeople.com\/pt\/informacoes-legais\/","og_locale":"pt_BR","og_type":"article","og_title":"Mentions l\u00e9gales - Korben For People","og_description":"Mentions l\u00e9gales En vigueur au 20 aout 2025 Conform\u00e9ment aux dispositions des Articles 6-III et 19 de la Loi n\u00b02004-575 du 21 juin 2004 pour la Confiance dans l\u2019\u00c9conomie Num\u00e9rique (L.C.E.N.), il est port\u00e9 \u00e0 la connaissance des utilisateurs et visiteurs du site https:\/\/www.korbenforpeople.com\/, ci-apr\u00e8s d\u00e9nomm\u00e9 le \u00ab\u00a0Site\u00a0\u00bb, les pr\u00e9sentes mentions l\u00e9gales. La connexion et [&hellip;]","og_url":"https:\/\/www.korbenforpeople.com\/pt\/informacoes-legais\/","og_site_name":"Korben For People","article_modified_time":"2025-08-20T14:42:06+00:00","twitter_card":"summary_large_image","twitter_misc":{"Est. tempo de leitura":"2 minutos"},"schema":{"@context":"https:\/\/schema.org","@graph":[{"@type":"WebPage","@id":"https:\/\/www.korbenforpeople.com\/mentions-legales\/","url":"https:\/\/www.korbenforpeople.com\/mentions-legales\/","name":"Informa\u00e7\u00f5es legais - Korben For People","isPartOf":{"@id":"https:\/\/www.korbenforpeople.com\/#website"},"datePublished":"2025-08-20T14:34:43+00:00","dateModified":"2025-08-20T14:42:06+00:00","breadcrumb":{"@id":"https:\/\/www.korbenforpeople.com\/mentions-legales\/#breadcrumb"},"inLanguage":"pt-BR","potentialAction":[{"@type":"ReadAction","target":["https:\/\/www.korbenforpeople.com\/mentions-legales\/"]}]},{"@type":"BreadcrumbList","@id":"https:\/\/www.korbenforpeople.com\/mentions-legales\/#breadcrumb","itemListElement":[{"@type":"ListItem","position":1,"name":"Home","item":"https:\/\/www.korbenforpeople.com\/"},{"@type":"ListItem","position":2,"name":"Mentions l\u00e9gales"}]},{"@type":"WebSite","@id":"https:\/\/www.korbenforpeople.com\/#website","url":"https:\/\/www.korbenforpeople.com\/","name":"Korben For People","description":"","publisher":{"@id":"https:\/\/www.korbenforpeople.com\/#organization"},"potentialAction":[{"@type":"SearchAction","target":{"@type":"EntryPoint","urlTemplate":"https:\/\/www.korbenforpeople.com\/?s={search_term_string}"},"query-input":{"@type":"PropertyValueSpecification","valueRequired":true,"valueName":"search_term_string"}}],"inLanguage":"pt-BR"},{"@type":"Organization","@id":"https:\/\/www.korbenforpeople.com\/#organization","name":"Korben For People","url":"https:\/\/www.korbenforpeople.com\/","logo":{"@type":"ImageObject","inLanguage":"pt-BR","@id":"https:\/\/www.korbenforpeople.com\/#\/schema\/logo\/image\/","url":"https:\/\/www.korbenforpeople.com\/wp-content\/uploads\/2025\/07\/animated-icon.svg","contentUrl":"https:\/\/www.korbenforpeople.com\/wp-content\/uploads\/2025\/07\/animated-icon.svg","width":114,"height":112,"caption":"Korben For People"},"image":{"@id":"https:\/\/www.korbenforpeople.com\/#\/schema\/logo\/image\/"}}]}},"_links":{"self":[{"href":"https:\/\/www.korbenforpeople.com\/pt\/wp-json\/wp\/v2\/pages\/1251","targetHints":{"allow":["GET"]}}],"collection":[{"href":"https:\/\/www.korbenforpeople.com\/pt\/wp-json\/wp\/v2\/pages"}],"about":[{"href":"https:\/\/www.korbenforpeople.com\/pt\/wp-json\/wp\/v2\/types\/page"}],"author":[{"embeddable":true,"href":"https:\/\/www.korbenforpeople.com\/pt\/wp-json\/wp\/v2\/users\/1"}],"replies":[{"embeddable":true,"href":"https:\/\/www.korbenforpeople.com\/pt\/wp-json\/wp\/v2\/comments?post=1251"}],"version-history":[{"count":10,"href":"https:\/\/www.korbenforpeople.com\/pt\/wp-json\/wp\/v2\/pages\/1251\/revisions"}],"predecessor-version":[{"id":1629,"href":"https:\/\/www.korbenforpeople.com\/pt\/wp-json\/wp\/v2\/pages\/1251\/revisions\/1629"}],"wp:attachment":[{"href":"https:\/\/www.korbenforpeople.com\/pt\/wp-json\/wp\/v2\/media?parent=1251"}],"curies":[{"name":"wp","href":"https:\/\/api.w.org\/{rel}","templated":true}]}}