{"id":2462,"date":"2026-01-05T09:32:34","date_gmt":"2026-01-05T09:32:34","guid":{"rendered":"https:\/\/www.korbenforpeople.com\/?page_id=2462"},"modified":"2026-01-05T10:08:48","modified_gmt":"2026-01-05T10:08:48","slug":"contact-us","status":"publish","type":"page","link":"https:\/\/www.korbenforpeople.com\/en\/contact-us\/","title":{"rendered":"Contact us"},"content":{"rendered":"<div data-elementor-type=\"wp-page\" data-elementor-id=\"2462\" class=\"elementor elementor-2462\" data-elementor-post-type=\"page\">\n\t\t\t\t<div class=\"elementor-element elementor-element-742895a e-flex e-con-boxed e-con e-parent\" data-id=\"742895a\" data-element_type=\"container\">\n\t\t\t\t\t<div class=\"e-con-inner\">\n\t\t\t\t<div class=\"elementor-element elementor-element-6fde95a elementor-widget elementor-widget-heading\" data-id=\"6fde95a\" data-element_type=\"widget\" data-widget_type=\"heading.default\">\n\t\t\t\t\t<h2 class=\"elementor-heading-title elementor-size-default\">Contact us<\/h2>\t\t\t\t<\/div>\n\t\t\t\t<div class=\"elementor-element elementor-element-9c0ee02 elementor-widget elementor-widget-text-editor\" data-id=\"9c0ee02\" data-element_type=\"widget\" data-widget_type=\"text-editor.default\">\n\t\t\t\t\t\t\t\t\t<p>Would you like to know more about Korben, our solutions or our vision?<br data-start=\"440\" data-end=\"443\" \/>Our team is ready to answer all your questions.<\/p>\t\t\t\t\t\t\t\t<\/div>\n\t\t\t\t\t<\/div>\n\t\t\t\t<\/div>\n\t\t<div class=\"elementor-element elementor-element-ecc3dac e-flex e-con-boxed e-con e-parent\" data-id=\"ecc3dac\" data-element_type=\"container\">\n\t\t\t\t\t<div class=\"e-con-inner\">\n\t\t<div class=\"elementor-element elementor-element-415a91d e-con-full e-flex e-con e-child\" data-id=\"415a91d\" data-element_type=\"container\" data-settings=\"{&quot;background_background&quot;:&quot;classic&quot;}\">\n\t\t\t\t<div class=\"elementor-element elementor-element-2cd431b elementor-view-default elementor-position-top elementor-mobile-position-top elementor-widget elementor-widget-icon-box\" data-id=\"2cd431b\" data-element_type=\"widget\" data-widget_type=\"icon-box.default\">\n\t\t\t\t\t\t\t<div class=\"elementor-icon-box-wrapper\">\n\n\t\t\t\t\t\t<div class=\"elementor-icon-box-icon\">\n\t\t\t\t<span  class=\"elementor-icon\">\n\t\t\t\t<svg aria-hidden=\"true\" class=\"e-font-icon-svg e-fas-envelope\" viewbox=\"0 0 512 512\" xmlns=\"http:\/\/www.w3.org\/2000\/svg\"><path d=\"M502.3 190.8c3.9-3.1 9.7-.2 9.7 4.7V400c0 26.5-21.5 48-48 48H48c-26.5 0-48-21.5-48-48V195.6c0-5 5.7-7.8 9.7-4.7 22.4 17.4 52.1 39.5 154.1 113.6 21.1 15.4 56.7 47.8 92.2 47.6 35.7.3 72-32.8 92.3-47.6 102-74.1 131.6-96.3 154-113.7zM256 320c23.2.4 56.6-29.2 73.4-41.4 132.7-96.3 142.8-104.7 173.4-128.7 5.8-4.5 9.2-11.5 9.2-18.9v-19c0-26.5-21.5-48-48-48H48C21.5 64 0 85.5 0 112v19c0 7.4 3.4 14.3 9.2 18.9 30.6 23.9 40.7 32.4 173.4 128.7 16.8 12.2 50.2 41.8 73.4 41.4z\"><\/path><\/svg>\t\t\t\t<\/span>\n\t\t\t<\/div>\n\t\t\t\n\t\t\t\t\t\t<div class=\"elementor-icon-box-content\">\n\n\t\t\t\t\t\t\t\t\t<h3 class=\"elementor-icon-box-title\">\n\t\t\t\t\t\t<span  >\n\t\t\t\t\t\t\tGeneral request\t\t\t\t\t\t<\/span>\n\t\t\t\t\t<\/h3>\n\t\t\t\t\n\t\t\t\t\t\t\t\t\t<p class=\"elementor-icon-box-description\">\n\t\t\t\t\t\tA general request, a partnership or a question about our activities?\t\t\t\t\t<\/p>\n\t\t\t\t\n\t\t\t<\/div>\n\t\t\t\n\t\t<\/div>\n\t\t\t\t\t\t<\/div>\n\t\t\t\t<div class=\"elementor-element elementor-element-5b01253 elementor-widget elementor-widget-button\" data-id=\"5b01253\" data-element_type=\"widget\" data-widget_type=\"button.default\">\n\t\t\t\t\t\t\t\t\t\t<a class=\"elementor-button elementor-button-link elementor-size-sm\" href=\"https:\/\/www.korbenforpeople.com\/en\/contact\/\">\n\t\t\t\t\t\t<span class=\"elementor-button-content-wrapper\">\n\t\t\t\t\t\t\t\t\t<span class=\"elementor-button-text\">Contact us<\/span>\n\t\t\t\t\t<\/span>\n\t\t\t\t\t<\/a>\n\t\t\t\t\t\t\t\t<\/div>\n\t\t\t\t<\/div>\n\t\t<div class=\"elementor-element elementor-element-e724df6 e-con-full e-flex e-con e-child\" data-id=\"e724df6\" data-element_type=\"container\" data-settings=\"{&quot;background_background&quot;:&quot;classic&quot;}\">\n\t\t\t\t<div class=\"elementor-element elementor-element-fdec6a9 elementor-view-default elementor-position-top elementor-mobile-position-top elementor-widget elementor-widget-icon-box\" data-id=\"fdec6a9\" data-element_type=\"widget\" data-widget_type=\"icon-box.default\">\n\t\t\t\t\t\t\t<div class=\"elementor-icon-box-wrapper\">\n\n\t\t\t\t\t\t<div class=\"elementor-icon-box-icon\">\n\t\t\t\t<span  class=\"elementor-icon\">\n\t\t\t\t<svg aria-hidden=\"true\" class=\"e-font-icon-svg e-fas-chart-pie\" viewbox=\"0 0 544 512\" xmlns=\"http:\/\/www.w3.org\/2000\/svg\"><path d=\"M527.79 288H290.5l158.03 158.03c6.04 6.04 15.98 6.53 22.19.68 38.7-36.46 65.32-85.61 73.13-140.86 1.34-9.46-6.51-17.85-16.06-17.85zm-15.83-64.8C503.72 103.74 408.26 8.28 288.8.04 279.68-.59 272 7.1 272 16.24V240h223.77c9.14 0 16.82-7.68 16.19-16.8zM224 288V50.71c0-9.55-8.39-17.4-17.84-16.06C86.99 51.49-4.1 155.6.14 280.37 4.5 408.51 114.83 513.59 243.03 511.98c50.4-.63 96.97-16.87 135.26-44.03 7.9-5.6 8.42-17.23 1.57-24.08L224 288z\"><\/path><\/svg>\t\t\t\t<\/span>\n\t\t\t<\/div>\n\t\t\t\n\t\t\t\t\t\t<div class=\"elementor-icon-box-content\">\n\n\t\t\t\t\t\t\t\t\t<h3 class=\"elementor-icon-box-title\">\n\t\t\t\t\t\t<span  >\n\t\t\t\t\t\t\tI'm an investor\t\t\t\t\t\t<\/span>\n\t\t\t\t\t<\/h3>\n\t\t\t\t\n\t\t\t\t\t\t\t\t\t<p class=\"elementor-icon-box-description\">\n\t\t\t\t\t\tWe'd be delighted to present our strategy, roadmap and impact.\t\t\t\t\t<\/p>\n\t\t\t\t\n\t\t\t<\/div>\n\t\t\t\n\t\t<\/div>\n\t\t\t\t\t\t<\/div>\n\t\t\t\t<div class=\"elementor-element elementor-element-00c2da8 elementor-widget elementor-widget-button\" data-id=\"00c2da8\" data-element_type=\"widget\" data-widget_type=\"button.default\">\n\t\t\t\t\t\t\t\t\t\t<a class=\"elementor-button elementor-button-link elementor-size-sm\" href=\"https:\/\/www.korbenforpeople.com\/en\/investors\/\">\n\t\t\t\t\t\t<span class=\"elementor-button-content-wrapper\">\n\t\t\t\t\t\t\t\t\t<span class=\"elementor-button-text\">Contact us<\/span>\n\t\t\t\t\t<\/span>\n\t\t\t\t\t<\/a>\n\t\t\t\t\t\t\t\t<\/div>\n\t\t\t\t<\/div>\n\t\t<div class=\"elementor-element elementor-element-05ba051 e-con-full e-flex e-con e-child\" data-id=\"05ba051\" data-element_type=\"container\" data-settings=\"{&quot;background_background&quot;:&quot;classic&quot;}\">\n\t\t\t\t<div class=\"elementor-element elementor-element-498db35 elementor-view-default elementor-position-top elementor-mobile-position-top elementor-widget elementor-widget-icon-box\" data-id=\"498db35\" data-element_type=\"widget\" data-widget_type=\"icon-box.default\">\n\t\t\t\t\t\t\t<div class=\"elementor-icon-box-wrapper\">\n\n\t\t\t\t\t\t<div class=\"elementor-icon-box-icon\">\n\t\t\t\t<span  class=\"elementor-icon\">\n\t\t\t\t<svg aria-hidden=\"true\" class=\"e-font-icon-svg e-fas-gem\" viewbox=\"0 0 576 512\" xmlns=\"http:\/\/www.w3.org\/2000\/svg\"><path d=\"M485.5 0L576 160H474.9L405.7 0h79.8zm-128 0l69.2 160H149.3L218.5 0h139zm-267 0h79.8l-69.2 160H0L90.5 0zM0 192h100.7l123 251.7c1.5 3.1-2.7 5.9-5 3.3L0 192zm148.2 0h279.6l-137 318.2c-1 2.4-4.5 2.4-5.5 0L148.2 192zm204.1 251.7l123-251.7H576L357.3 446.9c-2.3 2.7-6.5-.1-5-3.2z\"><\/path><\/svg>\t\t\t\t<\/span>\n\t\t\t<\/div>\n\t\t\t\n\t\t\t\t\t\t<div class=\"elementor-icon-box-content\">\n\n\t\t\t\t\t\t\t\t\t<h3 class=\"elementor-icon-box-title\">\n\t\t\t\t\t\t<span  >\n\t\t\t\t\t\t\tTalent\t\t\t\t\t\t<\/span>\n\t\t\t\t\t<\/h3>\n\t\t\t\t\n\t\t\t\t\t\t\t\t\t<p class=\"elementor-icon-box-description\">\n\t\t\t\t\t\tCDI, internship or collaboration: tell us about your profile and your motivations.\t\t\t\t\t<\/p>\n\t\t\t\t\n\t\t\t<\/div>\n\t\t\t\n\t\t<\/div>\n\t\t\t\t\t\t<\/div>\n\t\t\t\t<div class=\"elementor-element elementor-element-7fb66ab elementor-widget elementor-widget-button\" data-id=\"7fb66ab\" data-element_type=\"widget\" data-widget_type=\"button.default\">\n\t\t\t\t\t\t\t\t\t\t<a class=\"elementor-button elementor-button-link elementor-size-sm\" href=\"https:\/\/www.korbenforpeople.com\/en\/talent\/\">\n\t\t\t\t\t\t<span class=\"elementor-button-content-wrapper\">\n\t\t\t\t\t\t\t\t\t<span class=\"elementor-button-text\">Contact us<\/span>\n\t\t\t\t\t<\/span>\n\t\t\t\t\t<\/a>\n\t\t\t\t\t\t\t\t<\/div>\n\t\t\t\t<\/div>\n\t\t\t\t\t<\/div>\n\t\t\t\t<\/div>\n\t\t\t\t<\/div>","protected":false},"excerpt":{"rendered":"<p>Contact us Would you like to find out more about Korben, our solutions or our vision? Our team is ready to answer all your questions. General inquiry A general inquiry, a partnership or a question about our activities? Contact us I'm an investor We'd be delighted to present our strategy, our roadmap and our [...]<\/p>","protected":false},"author":1,"featured_media":0,"parent":0,"menu_order":0,"comment_status":"closed","ping_status":"closed","template":"elementor_header_footer","meta":{"_acf_changed":false,"footnotes":""},"class_list":["post-2462","page","type-page","status-publish","hentry"],"acf":[],"yoast_head":"<!-- This site is optimized with the Yoast SEO plugin v26.5 - https:\/\/yoast.com\/wordpress\/plugins\/seo\/ -->\n<title>Nous contactez - Korben For People<\/title>\n<meta name=\"robots\" content=\"index, follow, max-snippet:-1, max-image-preview:large, max-video-preview:-1\" \/>\n<link rel=\"canonical\" href=\"https:\/\/www.korbenforpeople.com\/en\/contact-us\/\" \/>\n<meta property=\"og:locale\" content=\"en_US\" \/>\n<meta property=\"og:type\" content=\"article\" \/>\n<meta property=\"og:title\" content=\"Nous contactez - Korben For People\" \/>\n<meta property=\"og:description\" content=\"Nous contacter Vous souhaitez en savoir plus sur Korben, nos solutions ou notre vision ?Notre \u00e9quipe est \u00e0 votre \u00e9coute pour r\u00e9pondre \u00e0 toutes vos questions. Demande g\u00e9n\u00e9rale Une demande g\u00e9n\u00e9rale, un partenariat ou une question sur nos activit\u00e9s ? Contactez-nous Je suis investisseur Nous serons ravis de vous pr\u00e9senter notre strat\u00e9gie, notre feuille de [&hellip;]\" \/>\n<meta property=\"og:url\" content=\"https:\/\/www.korbenforpeople.com\/en\/contact-us\/\" \/>\n<meta property=\"og:site_name\" content=\"Korben For People\" \/>\n<meta property=\"article:modified_time\" content=\"2026-01-05T10:08:48+00:00\" \/>\n<meta name=\"twitter:card\" content=\"summary_large_image\" \/>\n<meta name=\"twitter:label1\" content=\"Est. reading time\" \/>\n\t<meta name=\"twitter:data1\" content=\"1 minute\" \/>\n<script type=\"application\/ld+json\" class=\"yoast-schema-graph\">{\"@context\":\"https:\/\/schema.org\",\"@graph\":[{\"@type\":\"WebPage\",\"@id\":\"https:\/\/www.korbenforpeople.com\/nous-contactez\/\",\"url\":\"https:\/\/www.korbenforpeople.com\/nous-contactez\/\",\"name\":\"Nous contactez - Korben For People\",\"isPartOf\":{\"@id\":\"https:\/\/www.korbenforpeople.com\/#website\"},\"datePublished\":\"2026-01-05T09:32:34+00:00\",\"dateModified\":\"2026-01-05T10:08:48+00:00\",\"breadcrumb\":{\"@id\":\"https:\/\/www.korbenforpeople.com\/nous-contactez\/#breadcrumb\"},\"inLanguage\":\"en-US\",\"potentialAction\":[{\"@type\":\"ReadAction\",\"target\":[\"https:\/\/www.korbenforpeople.com\/nous-contactez\/\"]}]},{\"@type\":\"BreadcrumbList\",\"@id\":\"https:\/\/www.korbenforpeople.com\/nous-contactez\/#breadcrumb\",\"itemListElement\":[{\"@type\":\"ListItem\",\"position\":1,\"name\":\"Home\",\"item\":\"https:\/\/www.korbenforpeople.com\/\"},{\"@type\":\"ListItem\",\"position\":2,\"name\":\"Nous contactez\"}]},{\"@type\":\"WebSite\",\"@id\":\"https:\/\/www.korbenforpeople.com\/#website\",\"url\":\"https:\/\/www.korbenforpeople.com\/\",\"name\":\"Korben For People\",\"description\":\"\",\"publisher\":{\"@id\":\"https:\/\/www.korbenforpeople.com\/#organization\"},\"potentialAction\":[{\"@type\":\"SearchAction\",\"target\":{\"@type\":\"EntryPoint\",\"urlTemplate\":\"https:\/\/www.korbenforpeople.com\/?s={search_term_string}\"},\"query-input\":{\"@type\":\"PropertyValueSpecification\",\"valueRequired\":true,\"valueName\":\"search_term_string\"}}],\"inLanguage\":\"en-US\"},{\"@type\":\"Organization\",\"@id\":\"https:\/\/www.korbenforpeople.com\/#organization\",\"name\":\"Korben For People\",\"url\":\"https:\/\/www.korbenforpeople.com\/\",\"logo\":{\"@type\":\"ImageObject\",\"inLanguage\":\"en-US\",\"@id\":\"https:\/\/www.korbenforpeople.com\/#\/schema\/logo\/image\/\",\"url\":\"https:\/\/www.korbenforpeople.com\/wp-content\/uploads\/2025\/07\/animated-icon.svg\",\"contentUrl\":\"https:\/\/www.korbenforpeople.com\/wp-content\/uploads\/2025\/07\/animated-icon.svg\",\"width\":114,\"height\":112,\"caption\":\"Korben For People\"},\"image\":{\"@id\":\"https:\/\/www.korbenforpeople.com\/#\/schema\/logo\/image\/\"}}]}<\/script>\n<!-- \/ Yoast SEO plugin. -->","yoast_head_json":{"title":"Contact us - Korben For People","robots":{"index":"index","follow":"follow","max-snippet":"max-snippet:-1","max-image-preview":"max-image-preview:large","max-video-preview":"max-video-preview:-1"},"canonical":"https:\/\/www.korbenforpeople.com\/en\/contact-us\/","og_locale":"en_US","og_type":"article","og_title":"Nous contactez - Korben For People","og_description":"Nous contacter Vous souhaitez en savoir plus sur Korben, nos solutions ou notre vision ?Notre \u00e9quipe est \u00e0 votre \u00e9coute pour r\u00e9pondre \u00e0 toutes vos questions. Demande g\u00e9n\u00e9rale Une demande g\u00e9n\u00e9rale, un partenariat ou une question sur nos activit\u00e9s ? Contactez-nous Je suis investisseur Nous serons ravis de vous pr\u00e9senter notre strat\u00e9gie, notre feuille de [&hellip;]","og_url":"https:\/\/www.korbenforpeople.com\/en\/contact-us\/","og_site_name":"Korben For People","article_modified_time":"2026-01-05T10:08:48+00:00","twitter_card":"summary_large_image","twitter_misc":{"Est. reading time":"1 minute"},"schema":{"@context":"https:\/\/schema.org","@graph":[{"@type":"WebPage","@id":"https:\/\/www.korbenforpeople.com\/nous-contactez\/","url":"https:\/\/www.korbenforpeople.com\/nous-contactez\/","name":"Contact us - Korben For People","isPartOf":{"@id":"https:\/\/www.korbenforpeople.com\/#website"},"datePublished":"2026-01-05T09:32:34+00:00","dateModified":"2026-01-05T10:08:48+00:00","breadcrumb":{"@id":"https:\/\/www.korbenforpeople.com\/nous-contactez\/#breadcrumb"},"inLanguage":"en-US","potentialAction":[{"@type":"ReadAction","target":["https:\/\/www.korbenforpeople.com\/nous-contactez\/"]}]},{"@type":"BreadcrumbList","@id":"https:\/\/www.korbenforpeople.com\/nous-contactez\/#breadcrumb","itemListElement":[{"@type":"ListItem","position":1,"name":"Home","item":"https:\/\/www.korbenforpeople.com\/"},{"@type":"ListItem","position":2,"name":"Nous contactez"}]},{"@type":"WebSite","@id":"https:\/\/www.korbenforpeople.com\/#website","url":"https:\/\/www.korbenforpeople.com\/","name":"Korben For People","description":"","publisher":{"@id":"https:\/\/www.korbenforpeople.com\/#organization"},"potentialAction":[{"@type":"SearchAction","target":{"@type":"EntryPoint","urlTemplate":"https:\/\/www.korbenforpeople.com\/?s={search_term_string}"},"query-input":{"@type":"PropertyValueSpecification","valueRequired":true,"valueName":"search_term_string"}}],"inLanguage":"en-US"},{"@type":"Organization","@id":"https:\/\/www.korbenforpeople.com\/#organization","name":"Korben For People","url":"https:\/\/www.korbenforpeople.com\/","logo":{"@type":"ImageObject","inLanguage":"en-US","@id":"https:\/\/www.korbenforpeople.com\/#\/schema\/logo\/image\/","url":"https:\/\/www.korbenforpeople.com\/wp-content\/uploads\/2025\/07\/animated-icon.svg","contentUrl":"https:\/\/www.korbenforpeople.com\/wp-content\/uploads\/2025\/07\/animated-icon.svg","width":114,"height":112,"caption":"Korben For People"},"image":{"@id":"https:\/\/www.korbenforpeople.com\/#\/schema\/logo\/image\/"}}]}},"_links":{"self":[{"href":"https:\/\/www.korbenforpeople.com\/en\/wp-json\/wp\/v2\/pages\/2462","targetHints":{"allow":["GET"]}}],"collection":[{"href":"https:\/\/www.korbenforpeople.com\/en\/wp-json\/wp\/v2\/pages"}],"about":[{"href":"https:\/\/www.korbenforpeople.com\/en\/wp-json\/wp\/v2\/types\/page"}],"author":[{"embeddable":true,"href":"https:\/\/www.korbenforpeople.com\/en\/wp-json\/wp\/v2\/users\/1"}],"replies":[{"embeddable":true,"href":"https:\/\/www.korbenforpeople.com\/en\/wp-json\/wp\/v2\/comments?post=2462"}],"version-history":[{"count":19,"href":"https:\/\/www.korbenforpeople.com\/en\/wp-json\/wp\/v2\/pages\/2462\/revisions"}],"predecessor-version":[{"id":2496,"href":"https:\/\/www.korbenforpeople.com\/en\/wp-json\/wp\/v2\/pages\/2462\/revisions\/2496"}],"wp:attachment":[{"href":"https:\/\/www.korbenforpeople.com\/en\/wp-json\/wp\/v2\/media?parent=2462"}],"curies":[{"name":"wp","href":"https:\/\/api.w.org\/{rel}","templated":true}]}}